{"id":13668,"date":"2024-05-27T03:36:34","date_gmt":"2024-05-27T03:36:34","guid":{"rendered":"https:\/\/outdoor.itc-gmbh.shop\/product\/table-klapptisch-lifetime-weiss-86-x-74-x-86-cm\/"},"modified":"2024-05-27T03:36:39","modified_gmt":"2024-05-27T03:36:39","slug":"table-klapptisch-lifetime-weiss-86-x-74-x-86-cm","status":"publish","type":"product","link":"https:\/\/wildgear.itc-gmbh.shop\/nl\/product\/table-klapptisch-lifetime-weiss-86-x-74-x-86-cm\/","title":{"rendered":"Table Klapptisch Lifetime Wei\u00df 86 x 74 x 86 cm"},"content":{"rendered":"<p>Met deze suggesties voor jong en oud is zomerpret gegarandeerd! Koop <b>Table Klapptisch Lifetime Wei\u00df 86 x 74 x 86 cm<\/b>] en geniet van je vrije tijd!<\/p>\n<ul>\n<li>Materiaal:\n<ul>\n<li>Staal<\/li>\n<li>Kunststof<\/li>\n<\/ul>\n<\/li>\n<li>Ma\u00dfe ca.: 86 x 74 x 86 cm<\/li>\n<li>Art: Tisch<\/li>\n<li>Kapazit\u00e4t: 4 menschen<\/li>\n<li>Kleur: Wit<\/li>\n<\/ul>","protected":false},"excerpt":{"rendered":"<p>Mit diesen Vorschl\u00e4gen, die Jung und Alt begeistern werden, ist der Sommerspa\u00df garantiert! Kaufen Sie Table Klapptisch Lifetime Wei\u00df 86 x 74 x 86 cm] und genie\u00dfen Sie Ihre Freizeit! Material: Stahl Kunststoff Ma\u00dfe ca.: 86 x 74 x 86 cm Art: Tisch Kapazit\u00e4t: 4 menschen Farbe: Wei\u00df<\/p>","protected":false},"featured_media":13667,"comment_status":"open","ping_status":"closed","template":"","meta":{"inline_featured_image":false},"product_brand":[],"product_cat":[181,182,180],"product_tag":[179,177,178],"class_list":{"0":"post-13668","1":"product","2":"type-product","3":"status-publish","4":"has-post-thumbnail","6":"product_cat-camping-und-berge","7":"product_cat-camping-und-bergzubehor","8":"product_cat-sport-freizeit","9":"product_tag-tag_89","10":"product_tag-tag_3","11":"product_tag-tag_17","13":"first","14":"outofstock","15":"taxable","16":"shipping-taxable","17":"purchasable","18":"product-type-simple"},"aioseo_notices":[],"jetpack_sharing_enabled":true,"_links":{"self":[{"href":"https:\/\/wildgear.itc-gmbh.shop\/nl\/wp-json\/wp\/v2\/product\/13668","targetHints":{"allow":["GET"]}}],"collection":[{"href":"https:\/\/wildgear.itc-gmbh.shop\/nl\/wp-json\/wp\/v2\/product"}],"about":[{"href":"https:\/\/wildgear.itc-gmbh.shop\/nl\/wp-json\/wp\/v2\/types\/product"}],"replies":[{"embeddable":true,"href":"https:\/\/wildgear.itc-gmbh.shop\/nl\/wp-json\/wp\/v2\/comments?post=13668"}],"wp:featuredmedia":[{"embeddable":true,"href":"https:\/\/wildgear.itc-gmbh.shop\/nl\/wp-json\/wp\/v2\/media\/13667"}],"wp:attachment":[{"href":"https:\/\/wildgear.itc-gmbh.shop\/nl\/wp-json\/wp\/v2\/media?parent=13668"}],"wp:term":[{"taxonomy":"product_brand","embeddable":true,"href":"https:\/\/wildgear.itc-gmbh.shop\/nl\/wp-json\/wp\/v2\/product_brand?post=13668"},{"taxonomy":"product_cat","embeddable":true,"href":"https:\/\/wildgear.itc-gmbh.shop\/nl\/wp-json\/wp\/v2\/product_cat?post=13668"},{"taxonomy":"product_tag","embeddable":true,"href":"https:\/\/wildgear.itc-gmbh.shop\/nl\/wp-json\/wp\/v2\/product_tag?post=13668"}],"curies":[{"name":"wp","href":"https:\/\/api.w.org\/{rel}","templated":true}]}}