{"id":13692,"date":"2024-05-27T03:36:56","date_gmt":"2024-05-27T03:36:56","guid":{"rendered":"https:\/\/outdoor.itc-gmbh.shop\/product\/elektrische-luftpumpe-intex-quick-fill-6-stueck\/"},"modified":"2024-05-27T03:37:01","modified_gmt":"2024-05-27T03:37:01","slug":"elektrische-luftpumpe-intex-quick-fill-6-stueck","status":"publish","type":"product","link":"https:\/\/wildgear.itc-gmbh.shop\/nl\/product\/elektrische-luftpumpe-intex-quick-fill-6-stueck\/","title":{"rendered":"Elektrische Luftpumpe Intex Quick FIll (6 St\u00fcck)"},"content":{"rendered":"<p>Met deze suggesties voor jong en oud is zomerpret gegarandeerd! Koop <b>Elektrische Luftpumpe Intex Quick FIll (6 St\u00fcck)<\/b>] en geniet van je vrije tijd!<\/p>\n<ul>\n<li>Materiaal: PVC<\/li>\n<li>Inclusief batterijen: Geen<\/li>\n<li>Merkmale: Ein\/Aus-Taste<\/li>\n<li>Stuk: 6 stuks<\/li>\n<li>Pluggable product: Ja<\/li>\n<li>Aanbevolen gebruik: Binnen\/Buiten<\/li>\n<li>Ma\u00dfe ca.: 16,5 x 11,5 x 10,5 cm<\/li>\n<li>Batterie-Typ: CR14<\/li>\n<li>Kleur: Zwart<\/li>\n<li>Enthalten: Auswechselbare D\u00fcsen<\/li>\n<li>Aantal batterijen: 6<\/li>\n<li>Werkt op batterijen: Ja<\/li>\n<li>Type stekker: EU-stekker<\/li>\n<\/ul>","protected":false},"excerpt":{"rendered":"<p>Mit diesen Vorschl\u00e4gen, die Jung und Alt begeistern werden, ist der Sommerspa\u00df garantiert! Kaufen Sie Elektrische Luftpumpe Intex Quick FIll (6 St\u00fcck)] und genie\u00dfen Sie Ihre Freizeit! Material: PVC Inklusive Batterien: Kein Merkmale: Ein\/Aus-Taste St\u00fcck: 6 St\u00fcck Steckbares Produkt: Ja Empfohlene verwendung: Innen\/Au\u00dfenbereich Ma\u00dfe ca.: 16,5 x 11,5 x 10,5 cm Batterie-Typ: CR14 Farbe: Schwarz &hellip; <\/p>\n<p class=\"more-link-wrap\"><a href=\"https:\/\/wildgear.itc-gmbh.shop\/nl\/product\/elektrische-luftpumpe-intex-quick-fill-6-stueck\/\" class=\"more-link\"><span>Read More<span class=\"screen-reader-text\"> &#8220;Elektrische Luftpumpe Intex Quick FIll (6 St\u00fcck)&#8221;<\/span><\/span><\/a><\/p>","protected":false},"featured_media":13691,"comment_status":"open","ping_status":"closed","template":"","meta":{"inline_featured_image":false},"product_brand":[],"product_cat":[181,182,180],"product_tag":[177,178],"class_list":{"0":"post-13692","1":"product","2":"type-product","3":"status-publish","4":"has-post-thumbnail","6":"product_cat-camping-und-berge","7":"product_cat-camping-und-bergzubehor","8":"product_cat-sport-freizeit","9":"product_tag-tag_3","10":"product_tag-tag_17","12":"first","13":"outofstock","14":"taxable","15":"shipping-taxable","16":"purchasable","17":"product-type-simple"},"aioseo_notices":[],"jetpack_sharing_enabled":true,"_links":{"self":[{"href":"https:\/\/wildgear.itc-gmbh.shop\/nl\/wp-json\/wp\/v2\/product\/13692","targetHints":{"allow":["GET"]}}],"collection":[{"href":"https:\/\/wildgear.itc-gmbh.shop\/nl\/wp-json\/wp\/v2\/product"}],"about":[{"href":"https:\/\/wildgear.itc-gmbh.shop\/nl\/wp-json\/wp\/v2\/types\/product"}],"replies":[{"embeddable":true,"href":"https:\/\/wildgear.itc-gmbh.shop\/nl\/wp-json\/wp\/v2\/comments?post=13692"}],"wp:featuredmedia":[{"embeddable":true,"href":"https:\/\/wildgear.itc-gmbh.shop\/nl\/wp-json\/wp\/v2\/media\/13691"}],"wp:attachment":[{"href":"https:\/\/wildgear.itc-gmbh.shop\/nl\/wp-json\/wp\/v2\/media?parent=13692"}],"wp:term":[{"taxonomy":"product_brand","embeddable":true,"href":"https:\/\/wildgear.itc-gmbh.shop\/nl\/wp-json\/wp\/v2\/product_brand?post=13692"},{"taxonomy":"product_cat","embeddable":true,"href":"https:\/\/wildgear.itc-gmbh.shop\/nl\/wp-json\/wp\/v2\/product_cat?post=13692"},{"taxonomy":"product_tag","embeddable":true,"href":"https:\/\/wildgear.itc-gmbh.shop\/nl\/wp-json\/wp\/v2\/product_tag?post=13692"}],"curies":[{"name":"wp","href":"https:\/\/api.w.org\/{rel}","templated":true}]}}