{"id":13778,"date":"2024-05-27T03:38:24","date_gmt":"2024-05-27T03:38:24","guid":{"rendered":"https:\/\/outdoor.itc-gmbh.shop\/product\/luftmatratze-intex-pillow-rest-classic-137-x-25-x-191-cm-3-stueck\/"},"modified":"2024-05-27T03:38:31","modified_gmt":"2024-05-27T03:38:31","slug":"luftmatratze-intex-pillow-rest-classic-137-x-25-x-191-cm-3-stueck","status":"publish","type":"product","link":"https:\/\/wildgear.itc-gmbh.shop\/nl\/product\/luftmatratze-intex-pillow-rest-classic-137-x-25-x-191-cm-3-stueck\/","title":{"rendered":"Luftmatratze Intex PILLOW REST CLASSIC 137 x 25 x 191 cm (3 St\u00fcck)"},"content":{"rendered":"<p>Blijf in vorm en ontdek de nieuwste innovaties in de sector zodat je in de beste omstandigheden kunt sporten! Nu kopen <b>Luftmatratze Intex PILLOW REST CLASSIC 137 x 25 x 191 cm (3 St\u00fcck)<\/b> tegen de beste prijs en geniet van een gezond leven!<\/p>\n<ul>\n<li>Materiaal: PVC<\/li>\n<li>St\u00fcck: 3 St\u00fcck<\/li>\n<li>Pluggable product: Ja<\/li>\n<li>Ma\u00dfe ca.: 137 x 25 x 191 cm<\/li>\n<li>Art: Luftmatratze<\/li>\n<li>Type stekker: EU-stekker<\/li>\n<li>Wichtige informationen: Elektrisches Produkt nicht kompatibel mit UK<\/li>\n<\/ul>","protected":false},"excerpt":{"rendered":"<p>Bleiben Sie in Form und entdecken Sie die neuesten Innovationen der Branche, um mit den besten Voraussetzungen Sport zu betreiben! Kaufen Sie Luftmatratze Intex PILLOW REST CLASSIC 137 x 25 x 191 cm (3 St\u00fcck) zum besten Preis und genie\u00dfen Sie ein gesundes Leben! Material: PVC St\u00fcck: 3 St\u00fcck Steckbares Produkt: Ja Ma\u00dfe ca.: 137 &hellip; <\/p>\n<p class=\"more-link-wrap\"><a href=\"https:\/\/wildgear.itc-gmbh.shop\/nl\/product\/luftmatratze-intex-pillow-rest-classic-137-x-25-x-191-cm-3-stueck\/\" class=\"more-link\"><span>Read More<span class=\"screen-reader-text\"> &#8220;Luftmatratze Intex PILLOW REST CLASSIC 137 x 25 x 191 cm (3 St\u00fcck)&#8221;<\/span><\/span><\/a><\/p>","protected":false},"featured_media":13777,"comment_status":"open","ping_status":"closed","template":"","meta":{"inline_featured_image":false},"product_brand":[],"product_cat":[181,182,180],"product_tag":[177,178],"class_list":{"0":"post-13778","1":"product","2":"type-product","3":"status-publish","4":"has-post-thumbnail","6":"product_cat-camping-und-berge","7":"product_cat-camping-und-bergzubehor","8":"product_cat-sport-freizeit","9":"product_tag-tag_3","10":"product_tag-tag_17","12":"first","13":"outofstock","14":"taxable","15":"shipping-taxable","16":"purchasable","17":"product-type-simple"},"aioseo_notices":[],"jetpack_sharing_enabled":true,"_links":{"self":[{"href":"https:\/\/wildgear.itc-gmbh.shop\/nl\/wp-json\/wp\/v2\/product\/13778","targetHints":{"allow":["GET"]}}],"collection":[{"href":"https:\/\/wildgear.itc-gmbh.shop\/nl\/wp-json\/wp\/v2\/product"}],"about":[{"href":"https:\/\/wildgear.itc-gmbh.shop\/nl\/wp-json\/wp\/v2\/types\/product"}],"replies":[{"embeddable":true,"href":"https:\/\/wildgear.itc-gmbh.shop\/nl\/wp-json\/wp\/v2\/comments?post=13778"}],"wp:featuredmedia":[{"embeddable":true,"href":"https:\/\/wildgear.itc-gmbh.shop\/nl\/wp-json\/wp\/v2\/media\/13777"}],"wp:attachment":[{"href":"https:\/\/wildgear.itc-gmbh.shop\/nl\/wp-json\/wp\/v2\/media?parent=13778"}],"wp:term":[{"taxonomy":"product_brand","embeddable":true,"href":"https:\/\/wildgear.itc-gmbh.shop\/nl\/wp-json\/wp\/v2\/product_brand?post=13778"},{"taxonomy":"product_cat","embeddable":true,"href":"https:\/\/wildgear.itc-gmbh.shop\/nl\/wp-json\/wp\/v2\/product_cat?post=13778"},{"taxonomy":"product_tag","embeddable":true,"href":"https:\/\/wildgear.itc-gmbh.shop\/nl\/wp-json\/wp\/v2\/product_tag?post=13778"}],"curies":[{"name":"wp","href":"https:\/\/api.w.org\/{rel}","templated":true}]}}