{"id":13844,"date":"2024-05-27T03:39:39","date_gmt":"2024-05-27T03:39:39","guid":{"rendered":"https:\/\/outdoor.itc-gmbh.shop\/product\/faltbare-abtropfvorrichtung-fuer-die-kueche-aktive-6-stueck\/"},"modified":"2024-05-27T03:39:44","modified_gmt":"2024-05-27T03:39:44","slug":"faltbare-abtropfvorrichtung-fuer-die-kueche-aktive-6-stueck","status":"publish","type":"product","link":"https:\/\/wildgear.itc-gmbh.shop\/nl\/product\/faltbare-abtropfvorrichtung-fuer-die-kueche-aktive-6-stueck\/","title":{"rendered":"Faltbare Abtropfvorrichtung f\u00fcr die K\u00fcche Aktive 6 St\u00fcck"},"content":{"rendered":"<p>Met deze suggesties voor jong en oud is zomerpret gegarandeerd! Koop <b>Faltbare Abtropfvorrichtung f\u00fcr die K\u00fcche Aktive 6 St\u00fcck<\/b>] en geniet van je vrije tijd!<\/p>\n<ul>\n<li>Materiaal:\n<ul>\n<li>Polypropyleen<\/li>\n<li>TPR<\/li>\n<\/ul>\n<\/li>\n<li>Farbe: Wei\u00df\/Grau<\/li>\n<li>Stuk: 6 stuks<\/li>\n<li>Ma\u00dfe ca.: 36,5 x 12,5 x 31 cm<\/li>\n<li>Art: Abtropfer<\/li>\n<li>Merkmale: Biegsam<\/li>\n<\/ul>","protected":false},"excerpt":{"rendered":"<p>Mit diesen Vorschl\u00e4gen, die Jung und Alt begeistern werden, ist der Sommerspa\u00df garantiert! Kaufen Sie Faltbare Abtropfvorrichtung f\u00fcr die K\u00fcche Aktive 6 St\u00fcck] und genie\u00dfen Sie Ihre Freizeit! Material: Polypropylen TPR Farbe: Wei\u00df\/Grau St\u00fcck: 6 St\u00fcck Ma\u00dfe ca.: 36,5 x 12,5 x 31 cm Art: Abtropfer Merkmale: Biegsam<\/p>","protected":false},"featured_media":13843,"comment_status":"open","ping_status":"closed","template":"","meta":{"inline_featured_image":false},"product_brand":[],"product_cat":[181,182,180],"product_tag":[177,178],"class_list":{"0":"post-13844","1":"product","2":"type-product","3":"status-publish","4":"has-post-thumbnail","6":"product_cat-camping-und-berge","7":"product_cat-camping-und-bergzubehor","8":"product_cat-sport-freizeit","9":"product_tag-tag_3","10":"product_tag-tag_17","12":"first","13":"instock","14":"taxable","15":"shipping-taxable","16":"purchasable","17":"product-type-simple"},"aioseo_notices":[],"jetpack_sharing_enabled":true,"_links":{"self":[{"href":"https:\/\/wildgear.itc-gmbh.shop\/nl\/wp-json\/wp\/v2\/product\/13844","targetHints":{"allow":["GET"]}}],"collection":[{"href":"https:\/\/wildgear.itc-gmbh.shop\/nl\/wp-json\/wp\/v2\/product"}],"about":[{"href":"https:\/\/wildgear.itc-gmbh.shop\/nl\/wp-json\/wp\/v2\/types\/product"}],"replies":[{"embeddable":true,"href":"https:\/\/wildgear.itc-gmbh.shop\/nl\/wp-json\/wp\/v2\/comments?post=13844"}],"wp:featuredmedia":[{"embeddable":true,"href":"https:\/\/wildgear.itc-gmbh.shop\/nl\/wp-json\/wp\/v2\/media\/13843"}],"wp:attachment":[{"href":"https:\/\/wildgear.itc-gmbh.shop\/nl\/wp-json\/wp\/v2\/media?parent=13844"}],"wp:term":[{"taxonomy":"product_brand","embeddable":true,"href":"https:\/\/wildgear.itc-gmbh.shop\/nl\/wp-json\/wp\/v2\/product_brand?post=13844"},{"taxonomy":"product_cat","embeddable":true,"href":"https:\/\/wildgear.itc-gmbh.shop\/nl\/wp-json\/wp\/v2\/product_cat?post=13844"},{"taxonomy":"product_tag","embeddable":true,"href":"https:\/\/wildgear.itc-gmbh.shop\/nl\/wp-json\/wp\/v2\/product_tag?post=13844"}],"curies":[{"name":"wp","href":"https:\/\/api.w.org\/{rel}","templated":true}]}}