{"id":13971,"date":"2024-05-27T03:41:43","date_gmt":"2024-05-27T03:41:43","guid":{"rendered":"https:\/\/outdoor.itc-gmbh.shop\/product\/gaskocher-orbegozo-fo-3510\/"},"modified":"2024-05-27T03:41:48","modified_gmt":"2024-05-27T03:41:48","slug":"gaskocher-orbegozo-fo-3510","status":"publish","type":"product","link":"https:\/\/wildgear.itc-gmbh.shop\/nl\/product\/gaskocher-orbegozo-fo-3510\/","title":{"rendered":"Gaskocher Orbegozo FO 3510"},"content":{"rendered":"<p>Als je erover denkt om je keuken te renoveren, koop dan <b>Gaskocher Orbegozo FO 3510<\/b> en anderen <b>Produkte Orbegozo<\/b>! De beste kwaliteit voor de beste prijs is onmiddellijk binnen handbereik.<\/p>\n<ul>\n<li>Kochbereiche: 3<\/li>\n<li>Art:\n<ul>\n<li>Gaskocher<\/li>\n<li>Draagbaar<\/li>\n<\/ul>\n<\/li>\n<li>Kleur: Wit<\/li>\n<li>Materiaal: Roestvrij staal<\/li>\n<li>Kenmerken:\n<ul>\n<li>mit Deckel<\/li>\n<li>Pi\u00ebzo ontsteking<\/li>\n<\/ul>\n<\/li>\n<li>Sprache: Franz\u00f6sisch<\/li>\n<\/ul>","protected":false},"excerpt":{"rendered":"<p>Wenn du mit dem Gedanken spielst, deine K\u00fcche zu renovieren, kaufe Gaskocher Orbegozo FO 3510 und andere Produkte Orbegozo! Die beste Qualit\u00e4t zum g\u00fcnstigsten Preis liegt sofort in deiner Reichweite. Kochbereiche: 3 Art: Gaskocher Tragbar Farbe: Wei\u00df Material: Edelstahl Merkmale: mit Deckel Piezo-Z\u00fcndung Sprache: Franz\u00f6sisch<\/p>","protected":false},"featured_media":13970,"comment_status":"open","ping_status":"closed","template":"","meta":{"inline_featured_image":false},"product_brand":[],"product_cat":[181,182,180],"product_tag":[559,651],"class_list":{"0":"post-13971","1":"product","2":"type-product","3":"status-publish","4":"has-post-thumbnail","6":"product_cat-camping-und-berge","7":"product_cat-camping-und-bergzubehor","8":"product_cat-sport-freizeit","9":"product_tag-tag_930","10":"product_tag-tag_926","12":"first","13":"outofstock","14":"taxable","15":"shipping-taxable","16":"purchasable","17":"product-type-simple"},"aioseo_notices":[],"jetpack_sharing_enabled":true,"_links":{"self":[{"href":"https:\/\/wildgear.itc-gmbh.shop\/nl\/wp-json\/wp\/v2\/product\/13971","targetHints":{"allow":["GET"]}}],"collection":[{"href":"https:\/\/wildgear.itc-gmbh.shop\/nl\/wp-json\/wp\/v2\/product"}],"about":[{"href":"https:\/\/wildgear.itc-gmbh.shop\/nl\/wp-json\/wp\/v2\/types\/product"}],"replies":[{"embeddable":true,"href":"https:\/\/wildgear.itc-gmbh.shop\/nl\/wp-json\/wp\/v2\/comments?post=13971"}],"wp:featuredmedia":[{"embeddable":true,"href":"https:\/\/wildgear.itc-gmbh.shop\/nl\/wp-json\/wp\/v2\/media\/13970"}],"wp:attachment":[{"href":"https:\/\/wildgear.itc-gmbh.shop\/nl\/wp-json\/wp\/v2\/media?parent=13971"}],"wp:term":[{"taxonomy":"product_brand","embeddable":true,"href":"https:\/\/wildgear.itc-gmbh.shop\/nl\/wp-json\/wp\/v2\/product_brand?post=13971"},{"taxonomy":"product_cat","embeddable":true,"href":"https:\/\/wildgear.itc-gmbh.shop\/nl\/wp-json\/wp\/v2\/product_cat?post=13971"},{"taxonomy":"product_tag","embeddable":true,"href":"https:\/\/wildgear.itc-gmbh.shop\/nl\/wp-json\/wp\/v2\/product_tag?post=13971"}],"curies":[{"name":"wp","href":"https:\/\/api.w.org\/{rel}","templated":true}]}}