{"id":14062,"date":"2024-05-27T03:43:09","date_gmt":"2024-05-27T03:43:09","guid":{"rendered":"https:\/\/outdoor.itc-gmbh.shop\/product\/schlitten-hamax-s2893-gruen\/"},"modified":"2024-05-27T03:43:13","modified_gmt":"2024-05-27T03:43:13","slug":"schlitten-hamax-s2893-gruen","status":"publish","type":"product","link":"https:\/\/wildgear.itc-gmbh.shop\/nl\/product\/schlitten-hamax-s2893-gruen\/","title":{"rendered":"Schlitten Hamax S2893 gr\u00fcn"},"content":{"rendered":"<p>Blijf in vorm en ontdek de nieuwste innovaties in de sector zodat je in de beste omstandigheden kunt sporten! Nu kopen <b>Schlitten Hamax S2893 gr\u00fcn<\/b> tegen de beste prijs en geniet van een gezond leven!<\/p>\n<ul>\n<li>Art: Schlitten<\/li>\n<li>Kleur: groen<\/li>\n<li>Material: Poly\u00e4thylen<\/li>\n<li>Empfohlenes Alter: + 4 Jahre<\/li>\n<li>Lang: 90 cm<\/li>\n<li>Max. unterst\u00fctztes Gewicht: 60 Kg<\/li>\n<li>Merkmale: Griff<\/li>\n<li>Menge: 2<\/li>\n<li>Certificaat: CE<\/li>\n<li>Anzahl der St\u00fccke: 1 St\u00fccke<\/li>\n<\/ul>","protected":false},"excerpt":{"rendered":"<p>Bleiben Sie in Form und entdecken Sie die neuesten Innovationen der Branche, um mit den besten Voraussetzungen Sport zu betreiben! Kaufen Sie Schlitten Hamax S2893 gr\u00fcn zum besten Preis und genie\u00dfen Sie ein gesundes Leben! Art: Schlitten Farbe: gr\u00fcn Material: Poly\u00e4thylen Empfohlenes Alter: + 4 Jahre Lang: 90 cm Max. unterst\u00fctztes Gewicht: 60 Kg Merkmale: &hellip; <\/p>\n<p class=\"more-link-wrap\"><a href=\"https:\/\/wildgear.itc-gmbh.shop\/nl\/product\/schlitten-hamax-s2893-gruen\/\" class=\"more-link\"><span>Read More<span class=\"screen-reader-text\"> &#8220;Schlitten Hamax S2893 gr\u00fcn&#8221;<\/span><\/span><\/a><\/p>","protected":false},"featured_media":14061,"comment_status":"open","ping_status":"closed","template":"","meta":{"inline_featured_image":false},"product_brand":[],"product_cat":[181,182,180],"product_tag":[213,178,222],"class_list":{"0":"post-14062","1":"product","2":"type-product","3":"status-publish","4":"has-post-thumbnail","6":"product_cat-camping-und-berge","7":"product_cat-camping-und-bergzubehor","8":"product_cat-sport-freizeit","9":"product_tag-tag_69","10":"product_tag-tag_17","11":"product_tag-tag_587","13":"first","14":"instock","15":"taxable","16":"shipping-taxable","17":"purchasable","18":"product-type-simple"},"aioseo_notices":[],"jetpack_sharing_enabled":true,"_links":{"self":[{"href":"https:\/\/wildgear.itc-gmbh.shop\/nl\/wp-json\/wp\/v2\/product\/14062","targetHints":{"allow":["GET"]}}],"collection":[{"href":"https:\/\/wildgear.itc-gmbh.shop\/nl\/wp-json\/wp\/v2\/product"}],"about":[{"href":"https:\/\/wildgear.itc-gmbh.shop\/nl\/wp-json\/wp\/v2\/types\/product"}],"replies":[{"embeddable":true,"href":"https:\/\/wildgear.itc-gmbh.shop\/nl\/wp-json\/wp\/v2\/comments?post=14062"}],"wp:featuredmedia":[{"embeddable":true,"href":"https:\/\/wildgear.itc-gmbh.shop\/nl\/wp-json\/wp\/v2\/media\/14061"}],"wp:attachment":[{"href":"https:\/\/wildgear.itc-gmbh.shop\/nl\/wp-json\/wp\/v2\/media?parent=14062"}],"wp:term":[{"taxonomy":"product_brand","embeddable":true,"href":"https:\/\/wildgear.itc-gmbh.shop\/nl\/wp-json\/wp\/v2\/product_brand?post=14062"},{"taxonomy":"product_cat","embeddable":true,"href":"https:\/\/wildgear.itc-gmbh.shop\/nl\/wp-json\/wp\/v2\/product_cat?post=14062"},{"taxonomy":"product_tag","embeddable":true,"href":"https:\/\/wildgear.itc-gmbh.shop\/nl\/wp-json\/wp\/v2\/product_tag?post=14062"}],"curies":[{"name":"wp","href":"https:\/\/api.w.org\/{rel}","templated":true}]}}