{"id":14195,"date":"2024-05-27T03:45:04","date_gmt":"2024-05-27T03:45:04","guid":{"rendered":"https:\/\/outdoor.itc-gmbh.shop\/product\/zubehoer-fuer-multitool-dremel-575-winkelkopf-45o\/"},"modified":"2024-05-27T03:45:07","modified_gmt":"2024-05-27T03:45:07","slug":"zubehoer-fuer-multitool-dremel-575-winkelkopf-45o","status":"publish","type":"product","link":"https:\/\/wildgear.itc-gmbh.shop\/nl\/product\/zubehoer-fuer-multitool-dremel-575-winkelkopf-45o\/","title":{"rendered":"Zubeh\u00f6r f\u00fcr Multitool Dremel 575 Winkelkopf 45\u00ba"},"content":{"rendered":"<p>Als je waarde hecht aan details bij het inrichten van je huis en op de hoogte wilt blijven van producten die je leven gemakkelijker maken, koop dan <b>Zubeh\u00f6r f\u00fcr Multitool Dremel 575 Winkelkopf 45\u00ba<\/b> tegen de beste prijs.<\/p>\n<ul>\n<li>Art: Winkelkopf<\/li>\n<li>Winkel: 45\u00ba<\/li>\n<li>Kleur: Zwart<\/li>\n<li>Geeignet f\u00fcr: Multiwerkzeug<\/li>\n<\/ul>","protected":false},"excerpt":{"rendered":"<p>Wenn Sie bei der Einrichtung ihres Heims Wert auf Details legen und bei Produkten, die Ihnen das Leben leichter machen, auf dem letzten Stand sein m\u00f6chten, dann kaufen Sie Zubeh\u00f6r f\u00fcr Multitool Dremel 575 Winkelkopf 45\u00ba zum besten Preis. Art: Winkelkopf Winkel: 45\u00ba Farbe: Schwarz Geeignet f\u00fcr: Multiwerkzeug<\/p>","protected":false},"featured_media":14194,"comment_status":"open","ping_status":"closed","template":"","meta":{"inline_featured_image":false},"product_brand":[],"product_cat":[181,182,180],"product_tag":[193,188,177],"class_list":{"0":"post-14195","1":"product","2":"type-product","3":"status-publish","4":"has-post-thumbnail","6":"product_cat-camping-und-berge","7":"product_cat-camping-und-bergzubehor","8":"product_cat-sport-freizeit","9":"product_tag-tag_25","10":"product_tag-tag_1304","11":"product_tag-tag_3","13":"first","14":"outofstock","15":"taxable","16":"shipping-taxable","17":"purchasable","18":"product-type-simple"},"aioseo_notices":[],"jetpack_sharing_enabled":true,"_links":{"self":[{"href":"https:\/\/wildgear.itc-gmbh.shop\/nl\/wp-json\/wp\/v2\/product\/14195","targetHints":{"allow":["GET"]}}],"collection":[{"href":"https:\/\/wildgear.itc-gmbh.shop\/nl\/wp-json\/wp\/v2\/product"}],"about":[{"href":"https:\/\/wildgear.itc-gmbh.shop\/nl\/wp-json\/wp\/v2\/types\/product"}],"replies":[{"embeddable":true,"href":"https:\/\/wildgear.itc-gmbh.shop\/nl\/wp-json\/wp\/v2\/comments?post=14195"}],"wp:featuredmedia":[{"embeddable":true,"href":"https:\/\/wildgear.itc-gmbh.shop\/nl\/wp-json\/wp\/v2\/media\/14194"}],"wp:attachment":[{"href":"https:\/\/wildgear.itc-gmbh.shop\/nl\/wp-json\/wp\/v2\/media?parent=14195"}],"wp:term":[{"taxonomy":"product_brand","embeddable":true,"href":"https:\/\/wildgear.itc-gmbh.shop\/nl\/wp-json\/wp\/v2\/product_brand?post=14195"},{"taxonomy":"product_cat","embeddable":true,"href":"https:\/\/wildgear.itc-gmbh.shop\/nl\/wp-json\/wp\/v2\/product_cat?post=14195"},{"taxonomy":"product_tag","embeddable":true,"href":"https:\/\/wildgear.itc-gmbh.shop\/nl\/wp-json\/wp\/v2\/product_tag?post=14195"}],"curies":[{"name":"wp","href":"https:\/\/api.w.org\/{rel}","templated":true}]}}