{"id":14944,"date":"2024-05-27T03:55:59","date_gmt":"2024-05-27T03:55:59","guid":{"rendered":"https:\/\/outdoor.itc-gmbh.shop\/product\/fernglaeser-bunt\/"},"modified":"2024-05-27T03:55:59","modified_gmt":"2024-05-27T03:55:59","slug":"fernglaeser-bunt","status":"publish","type":"product","link":"https:\/\/wildgear.itc-gmbh.shop\/nl\/product\/fernglaeser-bunt\/","title":{"rendered":"Ferngl\u00e4ser Bunt"},"content":{"rendered":"<p>We willen alleen het beste voor onze kinderen en daarom willen we je het volgende bieden <b>Ferngl\u00e4ser Bunt<\/b> perfect voor iedereen die op zoek is naar producten van hoge kwaliteit voor zijn kleintjes. Nu kopen <b><\/b> tegen de beste prijzen!<\/p>\n<ul>\n<li>Wichtige informationen: Das Bild zeigt m\u00f6glicherweise nicht alle verf\u00fcgbaren sortierten Modelle<\/li>\n<li>Art: Spielzeug<\/li>\n<li>Materiaal: Plastic<\/li>\n<li>Kleur: Kleurrijk<\/li>\n<li>Stuk: 1 stuk<\/li>\n<li>Ma\u00dfe ca.: 23 x 17 cm<\/li>\n<\/ul>","protected":false},"excerpt":{"rendered":"<p>F\u00fcr unsere Kinder m\u00f6chten wir nur das Beste, und deshalb m\u00f6chten wir Ihnen Ferngl\u00e4ser Bunt vorstellen, perfekt f\u00fcr alle, die qualitativ hochwertige Produkte f\u00fcr die Kleinsten suchen. Kaufen Sie zu den besten Preisen! Wichtige informationen: Das Bild zeigt m\u00f6glicherweise nicht alle verf\u00fcgbaren sortierten Modelle Art: Spielzeug Material: Kunststoff Farbe: Bunt St\u00fcck: 1 St\u00fcck Ma\u00dfe ca.: &hellip; <\/p>\n<p class=\"more-link-wrap\"><a href=\"https:\/\/wildgear.itc-gmbh.shop\/nl\/product\/fernglaeser-bunt\/\" class=\"more-link\"><span>Read More<span class=\"screen-reader-text\"> &#8220;Ferngl\u00e4ser Bunt&#8221;<\/span><\/span><\/a><\/p>","protected":false},"featured_media":14943,"comment_status":"open","ping_status":"closed","template":"","meta":{"inline_featured_image":false},"product_brand":[],"product_cat":[181,732,180],"product_tag":[209,474,208],"class_list":{"0":"post-14944","1":"product","2":"type-product","3":"status-publish","4":"has-post-thumbnail","6":"product_cat-camping-und-berge","7":"product_cat-fernglaser","8":"product_cat-sport-freizeit","9":"product_tag-tag_768","10":"product_tag-tag_152","11":"product_tag-tag_650","13":"first","14":"outofstock","15":"taxable","16":"shipping-taxable","17":"purchasable","18":"product-type-simple"},"aioseo_notices":[],"jetpack_sharing_enabled":true,"_links":{"self":[{"href":"https:\/\/wildgear.itc-gmbh.shop\/nl\/wp-json\/wp\/v2\/product\/14944","targetHints":{"allow":["GET"]}}],"collection":[{"href":"https:\/\/wildgear.itc-gmbh.shop\/nl\/wp-json\/wp\/v2\/product"}],"about":[{"href":"https:\/\/wildgear.itc-gmbh.shop\/nl\/wp-json\/wp\/v2\/types\/product"}],"replies":[{"embeddable":true,"href":"https:\/\/wildgear.itc-gmbh.shop\/nl\/wp-json\/wp\/v2\/comments?post=14944"}],"wp:featuredmedia":[{"embeddable":true,"href":"https:\/\/wildgear.itc-gmbh.shop\/nl\/wp-json\/wp\/v2\/media\/14943"}],"wp:attachment":[{"href":"https:\/\/wildgear.itc-gmbh.shop\/nl\/wp-json\/wp\/v2\/media?parent=14944"}],"wp:term":[{"taxonomy":"product_brand","embeddable":true,"href":"https:\/\/wildgear.itc-gmbh.shop\/nl\/wp-json\/wp\/v2\/product_brand?post=14944"},{"taxonomy":"product_cat","embeddable":true,"href":"https:\/\/wildgear.itc-gmbh.shop\/nl\/wp-json\/wp\/v2\/product_cat?post=14944"},{"taxonomy":"product_tag","embeddable":true,"href":"https:\/\/wildgear.itc-gmbh.shop\/nl\/wp-json\/wp\/v2\/product_tag?post=14944"}],"curies":[{"name":"wp","href":"https:\/\/api.w.org\/{rel}","templated":true}]}}