{"id":15446,"date":"2024-08-26T00:00:26","date_gmt":"2024-08-26T00:00:26","guid":{"rendered":"https:\/\/outdoor.itc-gmbh.shop\/product\/picknick-set-the-paw-patrol-pup-power-fuer-kinder\/"},"modified":"2024-08-26T00:00:26","modified_gmt":"2024-08-26T00:00:26","slug":"picknick-set-the-paw-patrol-pup-power-fuer-kinder","status":"publish","type":"product","link":"https:\/\/wildgear.itc-gmbh.shop\/nl\/product\/picknick-set-the-paw-patrol-pup-power-fuer-kinder\/","title":{"rendered":"Picknick-Set The Paw Patrol Pup Power F\u00fcr Kinder"},"content":{"rendered":"<p>Met deze suggesties voor jong en oud is zomerpret gegarandeerd! Koop <b>Picknick-Set The Paw Patrol Pup Power F\u00fcr Kinder<\/b>] en geniet van je vrije tijd!<\/p>\n<ul>\n<li>Art:\n<ul>\n<li>Voor kinderen<\/li>\n<li>Picknickset<\/li>\n<\/ul>\n<\/li>\n<li>Inbegrepen:\n<ul>\n<li>Kom<\/li>\n<li>Drinkglas<\/li>\n<li>Lepel<\/li>\n<li>Vork<\/li>\n<li>Plaat<\/li>\n<\/ul>\n<\/li>\n<li>Kenmerken: Geschikt voor magnetron<\/li>\n<li>Materiaal: Polypropyleen<\/li>\n<\/ul>","protected":false},"excerpt":{"rendered":"<p>Mit diesen Vorschl\u00e4gen, die Jung und Alt begeistern werden, ist der Sommerspa\u00df garantiert! Kaufen Sie Picknick-Set The Paw Patrol Pup Power F\u00fcr Kinder] und genie\u00dfen Sie Ihre Freizeit! Art: F\u00fcr Kinder Picknick-Set Enthalten: Sch\u00fcssel Trinkglas L\u00f6ffel Gabel Teller Merkmale: Geeignet f\u00fcr Mikrowelle Material: Polypropylen<\/p>","protected":false},"featured_media":15444,"comment_status":"open","ping_status":"closed","template":"","meta":{"inline_featured_image":false},"product_brand":[],"product_cat":[181,182,180],"product_tag":[219,218,177,178],"class_list":{"0":"post-15446","1":"product","2":"type-product","3":"status-publish","4":"has-post-thumbnail","6":"product_cat-camping-und-berge","7":"product_cat-camping-und-bergzubehor","8":"product_cat-sport-freizeit","9":"product_tag-tag_664","10":"product_tag-tag_36","11":"product_tag-tag_3","12":"product_tag-tag_17","14":"first","15":"outofstock","16":"taxable","17":"shipping-taxable","18":"purchasable","19":"product-type-simple"},"aioseo_notices":[],"jetpack_sharing_enabled":true,"_links":{"self":[{"href":"https:\/\/wildgear.itc-gmbh.shop\/nl\/wp-json\/wp\/v2\/product\/15446","targetHints":{"allow":["GET"]}}],"collection":[{"href":"https:\/\/wildgear.itc-gmbh.shop\/nl\/wp-json\/wp\/v2\/product"}],"about":[{"href":"https:\/\/wildgear.itc-gmbh.shop\/nl\/wp-json\/wp\/v2\/types\/product"}],"replies":[{"embeddable":true,"href":"https:\/\/wildgear.itc-gmbh.shop\/nl\/wp-json\/wp\/v2\/comments?post=15446"}],"wp:featuredmedia":[{"embeddable":true,"href":"https:\/\/wildgear.itc-gmbh.shop\/nl\/wp-json\/wp\/v2\/media\/15444"}],"wp:attachment":[{"href":"https:\/\/wildgear.itc-gmbh.shop\/nl\/wp-json\/wp\/v2\/media?parent=15446"}],"wp:term":[{"taxonomy":"product_brand","embeddable":true,"href":"https:\/\/wildgear.itc-gmbh.shop\/nl\/wp-json\/wp\/v2\/product_brand?post=15446"},{"taxonomy":"product_cat","embeddable":true,"href":"https:\/\/wildgear.itc-gmbh.shop\/nl\/wp-json\/wp\/v2\/product_cat?post=15446"},{"taxonomy":"product_tag","embeddable":true,"href":"https:\/\/wildgear.itc-gmbh.shop\/nl\/wp-json\/wp\/v2\/product_tag?post=15446"}],"curies":[{"name":"wp","href":"https:\/\/api.w.org\/{rel}","templated":true}]}}