{"id":15611,"date":"2024-09-10T00:00:19","date_gmt":"2024-09-10T00:00:19","guid":{"rendered":"https:\/\/outdoor.itc-gmbh.shop\/product\/flasche-anna-metall-glas-1-l-12-stueck\/"},"modified":"2024-09-27T00:00:08","modified_gmt":"2024-09-27T00:00:08","slug":"flasche-anna-metall-glas-1-l-12-stueck","status":"publish","type":"product","link":"https:\/\/wildgear.itc-gmbh.shop\/nl\/product\/flasche-anna-metall-glas-1-l-12-stueck\/","title":{"rendered":"Flasche Anna Metall Glas 1 L (12 St\u00fcck)"},"content":{"rendered":"<p>Blijf in vorm en ontdek de nieuwste innovaties in de sector zodat je in de beste omstandigheden kunt sporten! Nu kopen <b>Flasche Anna Metall Glas 1 L (12 St\u00fcck)<\/b> tegen de beste prijs en geniet van een gezond leven!<\/p>\n<ul>\n<li>Belangrijke informatie: Diverse ontwerpen. Verzending willekeurig en afhankelijk van voorraad<\/li>\n<li>Art: Flasche<\/li>\n<li>Materiaal:\n<ul>\n<li>Metaal<\/li>\n<li>Glas<\/li>\n<\/ul>\n<\/li>\n<li>Stuk: 12 stuks<\/li>\n<li>Inhoud: 1 liter<\/li>\n<\/ul>","protected":false},"excerpt":{"rendered":"<p>Bleiben Sie in Form und entdecken Sie die neuesten Innovationen der Branche, um mit den besten Voraussetzungen Sport zu betreiben! Kaufen Sie Flasche Anna Metall Glas 1 L (12 St\u00fcck) zum besten Preis und genie\u00dfen Sie ein gesundes Leben! Wichtige informationen: Verschiedene Designs. Versand nach Zufallsprinzip und vom Bestand abh\u00e4ngig Art: Flasche Material: Metall Glas &hellip; <\/p>\n<p class=\"more-link-wrap\"><a href=\"https:\/\/wildgear.itc-gmbh.shop\/nl\/product\/flasche-anna-metall-glas-1-l-12-stueck\/\" class=\"more-link\"><span>Read More<span class=\"screen-reader-text\"> &#8220;Flasche Anna Metall Glas 1 L (12 St\u00fcck)&#8221;<\/span><\/span><\/a><\/p>","protected":false},"featured_media":15737,"comment_status":"open","ping_status":"closed","template":"","meta":{"inline_featured_image":false},"product_brand":[],"product_cat":[181,185,180],"product_tag":[177,178],"class_list":{"0":"post-15611","1":"product","2":"type-product","3":"status-publish","4":"has-post-thumbnail","6":"product_cat-camping-und-berge","7":"product_cat-flaschen-und-feldflaschen","8":"product_cat-sport-freizeit","9":"product_tag-tag_3","10":"product_tag-tag_17","12":"first","13":"instock","14":"taxable","15":"shipping-taxable","16":"purchasable","17":"product-type-simple"},"aioseo_notices":[],"jetpack_sharing_enabled":true,"_links":{"self":[{"href":"https:\/\/wildgear.itc-gmbh.shop\/nl\/wp-json\/wp\/v2\/product\/15611","targetHints":{"allow":["GET"]}}],"collection":[{"href":"https:\/\/wildgear.itc-gmbh.shop\/nl\/wp-json\/wp\/v2\/product"}],"about":[{"href":"https:\/\/wildgear.itc-gmbh.shop\/nl\/wp-json\/wp\/v2\/types\/product"}],"replies":[{"embeddable":true,"href":"https:\/\/wildgear.itc-gmbh.shop\/nl\/wp-json\/wp\/v2\/comments?post=15611"}],"wp:featuredmedia":[{"embeddable":true,"href":"https:\/\/wildgear.itc-gmbh.shop\/nl\/wp-json\/wp\/v2\/media\/15737"}],"wp:attachment":[{"href":"https:\/\/wildgear.itc-gmbh.shop\/nl\/wp-json\/wp\/v2\/media?parent=15611"}],"wp:term":[{"taxonomy":"product_brand","embeddable":true,"href":"https:\/\/wildgear.itc-gmbh.shop\/nl\/wp-json\/wp\/v2\/product_brand?post=15611"},{"taxonomy":"product_cat","embeddable":true,"href":"https:\/\/wildgear.itc-gmbh.shop\/nl\/wp-json\/wp\/v2\/product_cat?post=15611"},{"taxonomy":"product_tag","embeddable":true,"href":"https:\/\/wildgear.itc-gmbh.shop\/nl\/wp-json\/wp\/v2\/product_tag?post=15611"}],"curies":[{"name":"wp","href":"https:\/\/api.w.org\/{rel}","templated":true}]}}