{"id":15893,"date":"2024-10-01T00:02:36","date_gmt":"2024-10-01T00:02:36","guid":{"rendered":"https:\/\/outdoor.itc-gmbh.shop\/product\/hut-adidas-originals-shorty-schwarz-einheitsgroesse\/"},"modified":"2024-10-01T00:02:36","modified_gmt":"2024-10-01T00:02:36","slug":"hut-adidas-originals-shorty-schwarz-einheitsgroesse","status":"publish","type":"product","link":"https:\/\/wildgear.itc-gmbh.shop\/nl\/product\/hut-adidas-originals-shorty-schwarz-einheitsgroesse\/","title":{"rendered":"Hut Adidas Originals Shorty Schwarz Einheitsgr\u00f6\u00dfe"},"content":{"rendered":"<p>Blijf in vorm en ontdek de nieuwste innovaties in de sector zodat je in de beste omstandigheden kunt sporten! Nu kopen <b>Hut Adidas Originals Shorty Schwarz Einheitsgr\u00f6\u00dfe<\/b> tegen de beste prijs en geniet van een gezond leven!<\/p>\n<ul>\n<li>Kleur: Zwart<\/li>\n<li>Geslacht: Unisex<\/li>\n<li>Aanbevolen leeftijd: Volwassenen<\/li>\n<li>Maat: E\u00e9n maat<\/li>\n<\/ul>","protected":false},"excerpt":{"rendered":"<p>Bleiben Sie in Form und entdecken Sie die neuesten Innovationen der Branche, um mit den besten Voraussetzungen Sport zu betreiben! Kaufen Sie Hut Adidas Originals Shorty Schwarz Einheitsgr\u00f6\u00dfe zum besten Preis und genie\u00dfen Sie ein gesundes Leben! Farbe: Schwarz Geschlecht: Unisex Empfohlenes Alter: Erwachsene Gr\u00f6\u00dfe: Einheitsgr\u00f6\u00dfe<\/p>","protected":false},"featured_media":15888,"comment_status":"open","ping_status":"closed","template":"","meta":{"inline_featured_image":false},"product_brand":[],"product_cat":[234,181,180],"product_tag":[177,178,222],"class_list":{"0":"post-15893","1":"product","2":"type-product","3":"status-publish","4":"has-post-thumbnail","6":"product_cat-bergkleidung","7":"product_cat-camping-und-berge","8":"product_cat-sport-freizeit","9":"product_tag-tag_3","10":"product_tag-tag_17","11":"product_tag-tag_587","13":"first","14":"instock","15":"taxable","16":"shipping-taxable","17":"purchasable","18":"product-type-simple"},"aioseo_notices":[],"jetpack_sharing_enabled":true,"_links":{"self":[{"href":"https:\/\/wildgear.itc-gmbh.shop\/nl\/wp-json\/wp\/v2\/product\/15893","targetHints":{"allow":["GET"]}}],"collection":[{"href":"https:\/\/wildgear.itc-gmbh.shop\/nl\/wp-json\/wp\/v2\/product"}],"about":[{"href":"https:\/\/wildgear.itc-gmbh.shop\/nl\/wp-json\/wp\/v2\/types\/product"}],"replies":[{"embeddable":true,"href":"https:\/\/wildgear.itc-gmbh.shop\/nl\/wp-json\/wp\/v2\/comments?post=15893"}],"wp:featuredmedia":[{"embeddable":true,"href":"https:\/\/wildgear.itc-gmbh.shop\/nl\/wp-json\/wp\/v2\/media\/15888"}],"wp:attachment":[{"href":"https:\/\/wildgear.itc-gmbh.shop\/nl\/wp-json\/wp\/v2\/media?parent=15893"}],"wp:term":[{"taxonomy":"product_brand","embeddable":true,"href":"https:\/\/wildgear.itc-gmbh.shop\/nl\/wp-json\/wp\/v2\/product_brand?post=15893"},{"taxonomy":"product_cat","embeddable":true,"href":"https:\/\/wildgear.itc-gmbh.shop\/nl\/wp-json\/wp\/v2\/product_cat?post=15893"},{"taxonomy":"product_tag","embeddable":true,"href":"https:\/\/wildgear.itc-gmbh.shop\/nl\/wp-json\/wp\/v2\/product_tag?post=15893"}],"curies":[{"name":"wp","href":"https:\/\/api.w.org\/{rel}","templated":true}]}}