{"id":15942,"date":"2024-10-02T00:01:41","date_gmt":"2024-10-02T00:01:41","guid":{"rendered":"https:\/\/outdoor.itc-gmbh.shop\/product\/hut-burton-kactusbunch-einheitsgroesse-gruen\/"},"modified":"2024-10-02T00:01:41","modified_gmt":"2024-10-02T00:01:41","slug":"hut-burton-kactusbunch-einheitsgroesse-gruen","status":"publish","type":"product","link":"https:\/\/wildgear.itc-gmbh.shop\/nl\/product\/hut-burton-kactusbunch-einheitsgroesse-gruen\/","title":{"rendered":"Hut Burton Kactusbunch Einheitsgr\u00f6\u00dfe gr\u00fcn"},"content":{"rendered":"<p>Als je je garderobe wilt vernieuwen, raden we je het volgende aan <b>Hut Burton Kactusbunch Einheitsgr\u00f6\u00dfe gr\u00fcn<\/b> en meer <b> Producten van Burton<\/b>! Nu voor jou de beste kwaliteit tegen de beste prijs!<\/p>\n<ul>\n<li>Maat: E\u00e9n maat<\/li>\n<li>Kleur: groen<\/li>\n<li>Geslacht: Unisex<\/li>\n<li>Aanbevolen leeftijd: Volwassenen<\/li>\n<li>Materiaal: 100 % polyester<\/li>\n<\/ul>","protected":false},"excerpt":{"rendered":"<p>Wenn Sie Ihren Kleiderschrank erneuern m\u00f6chten, empfehlen wir Ihnen Hut Burton Kactusbunch Einheitsgr\u00f6\u00dfe gr\u00fcn und weitere Produkte von Burton! Jetzt f\u00fcr Sie die beste Qualit\u00e4t zum besten Preis! Gr\u00f6\u00dfe: Einheitsgr\u00f6\u00dfe Farbe: gr\u00fcn Geschlecht: Unisex Empfohlenes Alter: Erwachsene Material: 100 % polyester<\/p>","protected":false},"featured_media":15941,"comment_status":"open","ping_status":"closed","template":"","meta":{"inline_featured_image":false},"product_brand":[],"product_cat":[234,181,180],"product_tag":[213,178,222],"class_list":{"0":"post-15942","1":"product","2":"type-product","3":"status-publish","4":"has-post-thumbnail","6":"product_cat-bergkleidung","7":"product_cat-camping-und-berge","8":"product_cat-sport-freizeit","9":"product_tag-tag_69","10":"product_tag-tag_17","11":"product_tag-tag_587","13":"first","14":"instock","15":"taxable","16":"shipping-taxable","17":"purchasable","18":"product-type-simple"},"aioseo_notices":[],"jetpack_sharing_enabled":true,"_links":{"self":[{"href":"https:\/\/wildgear.itc-gmbh.shop\/nl\/wp-json\/wp\/v2\/product\/15942","targetHints":{"allow":["GET"]}}],"collection":[{"href":"https:\/\/wildgear.itc-gmbh.shop\/nl\/wp-json\/wp\/v2\/product"}],"about":[{"href":"https:\/\/wildgear.itc-gmbh.shop\/nl\/wp-json\/wp\/v2\/types\/product"}],"replies":[{"embeddable":true,"href":"https:\/\/wildgear.itc-gmbh.shop\/nl\/wp-json\/wp\/v2\/comments?post=15942"}],"wp:featuredmedia":[{"embeddable":true,"href":"https:\/\/wildgear.itc-gmbh.shop\/nl\/wp-json\/wp\/v2\/media\/15941"}],"wp:attachment":[{"href":"https:\/\/wildgear.itc-gmbh.shop\/nl\/wp-json\/wp\/v2\/media?parent=15942"}],"wp:term":[{"taxonomy":"product_brand","embeddable":true,"href":"https:\/\/wildgear.itc-gmbh.shop\/nl\/wp-json\/wp\/v2\/product_brand?post=15942"},{"taxonomy":"product_cat","embeddable":true,"href":"https:\/\/wildgear.itc-gmbh.shop\/nl\/wp-json\/wp\/v2\/product_cat?post=15942"},{"taxonomy":"product_tag","embeddable":true,"href":"https:\/\/wildgear.itc-gmbh.shop\/nl\/wp-json\/wp\/v2\/product_tag?post=15942"}],"curies":[{"name":"wp","href":"https:\/\/api.w.org\/{rel}","templated":true}]}}