{"id":16034,"date":"2024-10-02T00:03:27","date_gmt":"2024-10-02T00:03:27","guid":{"rendered":"https:\/\/outdoor.itc-gmbh.shop\/product\/wanderrucksack-berghaus-24-7-30-rucsac-gruen\/"},"modified":"2024-10-02T00:03:27","modified_gmt":"2024-10-02T00:03:27","slug":"wanderrucksack-berghaus-24-7-30-rucsac-gruen","status":"publish","type":"product","link":"https:\/\/wildgear.itc-gmbh.shop\/nl\/product\/wanderrucksack-berghaus-24-7-30-rucsac-gruen\/","title":{"rendered":"Wanderrucksack Berghaus 24\/7 30 Rucsac gr\u00fcn"},"content":{"rendered":"<p>Als je je garderobe wilt vernieuwen, raden we je het volgende aan <b>Wanderrucksack Berghaus 24\/7 30 Rucsac gr\u00fcn<\/b> en meer <b> Produkte von Berghaus<\/b>! Nu voor jou de beste kwaliteit tegen de beste prijs!<\/p>\n<ul>\n<li>Art:\n<ul>\n<li>Bergrucksack<\/li>\n<li>Wanderrucksack<\/li>\n<\/ul>\n<\/li>\n<li>Design: Berg<\/li>\n<li>Kapazit\u00e4t: 30 L<\/li>\n<li>Ma\u00dfe ca.: 36 x 60 x 8 cm<\/li>\n<li>Kleur:\n<ul>\n<li>groen<\/li>\n<li>Olive<\/li>\n<\/ul>\n<\/li>\n<li>Geslacht: Unisex<\/li>\n<li>Aanbevolen leeftijd: Volwassenen<\/li>\n<li>Maat: E\u00e9n maat<\/li>\n<\/ul>","protected":false},"excerpt":{"rendered":"<p>Wenn Sie Ihren Kleiderschrank erneuern m\u00f6chten, empfehlen wir Ihnen Wanderrucksack Berghaus 24\/7 30 Rucsac gr\u00fcn und weitere Produkte von Berghaus! Jetzt f\u00fcr Sie die beste Qualit\u00e4t zum besten Preis! Art: Bergrucksack Wanderrucksack Design: Berg Kapazit\u00e4t: 30 L Ma\u00dfe ca.: 36 x 60 x 8 cm Farbe: gr\u00fcn Olive Geschlecht: Unisex Empfohlenes Alter: Erwachsene Gr\u00f6\u00dfe: Einheitsgr\u00f6\u00dfe<\/p>","protected":false},"featured_media":16030,"comment_status":"open","ping_status":"closed","template":"","meta":{"inline_featured_image":false},"product_brand":[],"product_cat":[181,205,180],"product_tag":[177,178],"class_list":{"0":"post-16034","1":"product","2":"type-product","3":"status-publish","4":"has-post-thumbnail","6":"product_cat-camping-und-berge","7":"product_cat-rucksacke-und-taschen","8":"product_cat-sport-freizeit","9":"product_tag-tag_3","10":"product_tag-tag_17","12":"first","13":"instock","14":"taxable","15":"shipping-taxable","16":"purchasable","17":"product-type-simple"},"aioseo_notices":[],"jetpack_sharing_enabled":true,"_links":{"self":[{"href":"https:\/\/wildgear.itc-gmbh.shop\/nl\/wp-json\/wp\/v2\/product\/16034","targetHints":{"allow":["GET"]}}],"collection":[{"href":"https:\/\/wildgear.itc-gmbh.shop\/nl\/wp-json\/wp\/v2\/product"}],"about":[{"href":"https:\/\/wildgear.itc-gmbh.shop\/nl\/wp-json\/wp\/v2\/types\/product"}],"replies":[{"embeddable":true,"href":"https:\/\/wildgear.itc-gmbh.shop\/nl\/wp-json\/wp\/v2\/comments?post=16034"}],"wp:featuredmedia":[{"embeddable":true,"href":"https:\/\/wildgear.itc-gmbh.shop\/nl\/wp-json\/wp\/v2\/media\/16030"}],"wp:attachment":[{"href":"https:\/\/wildgear.itc-gmbh.shop\/nl\/wp-json\/wp\/v2\/media?parent=16034"}],"wp:term":[{"taxonomy":"product_brand","embeddable":true,"href":"https:\/\/wildgear.itc-gmbh.shop\/nl\/wp-json\/wp\/v2\/product_brand?post=16034"},{"taxonomy":"product_cat","embeddable":true,"href":"https:\/\/wildgear.itc-gmbh.shop\/nl\/wp-json\/wp\/v2\/product_cat?post=16034"},{"taxonomy":"product_tag","embeddable":true,"href":"https:\/\/wildgear.itc-gmbh.shop\/nl\/wp-json\/wp\/v2\/product_tag?post=16034"}],"curies":[{"name":"wp","href":"https:\/\/api.w.org\/{rel}","templated":true}]}}