{"id":2472,"date":"2024-05-27T00:02:37","date_gmt":"2024-05-27T00:02:37","guid":{"rendered":"https:\/\/outdoor.itc-gmbh.shop\/product\/befestigungsplatte-trigano-j-900590\/"},"modified":"2024-05-27T00:02:40","modified_gmt":"2024-05-27T00:02:40","slug":"befestigungsplatte-trigano-j-900590","status":"publish","type":"product","link":"https:\/\/wildgear.itc-gmbh.shop\/nl\/product\/befestigungsplatte-trigano-j-900590\/","title":{"rendered":"Montageplaat Trigano J-900590"},"content":{"rendered":"<p>We willen alleen het beste voor onze kinderen en daarom willen we je het volgende bieden <b>Befestigungsplatte TRIGANO J-900590<\/b> perfect voor iedereen die op zoek is naar producten van hoge kwaliteit voor zijn kleintjes. Nu kopen <b>TRIGANO<\/b> tegen de beste prijzen!<\/p>\n<ul>\n<li>Land\/regio van vervaardiging: China<\/li>\n<li>Kleur: Grijs<\/li>\n<li>Material: Stahl<\/li>\n<li>Geschikt voor: Gebruik buiten<\/li>\n<li>Empfohlenes Alter: F\u00fcr Kinder<\/li>\n<li>Taal: Meertalig<\/li>\n<li>Taal verpakking: Meertalig<\/li>\n<li>Geslacht: Unisex<\/li>\n<li>Certificaat: CE<\/li>\n<li>Merkmale: Muss unter direkter Aufsicht von Erwachsenen verwendet werden<\/li>\n<\/ul>","protected":false},"excerpt":{"rendered":"<p>F\u00fcr unsere Kinder m\u00f6chten wir nur das Beste, und deshalb m\u00f6chten wir Ihnen Befestigungsplatte TRIGANO J-900590 vorstellen, perfekt f\u00fcr alle, die qualitativ hochwertige Produkte f\u00fcr die Kleinsten suchen. Kaufen Sie TRIGANO zu den besten Preisen! Land\/Region der Herstellung: China Farbe: Grau Material: Stahl Geeignet f\u00fcr: Au\u00dfenbereich Empfohlenes Alter: F\u00fcr Kinder Sprache: Mehrsprachig Sprache packaging: Mehrsprachig &hellip; <\/p>\n<p class=\"more-link-wrap\"><a href=\"https:\/\/wildgear.itc-gmbh.shop\/nl\/product\/befestigungsplatte-trigano-j-900590\/\" class=\"more-link\"><span>Read More<span class=\"screen-reader-text\"> &#8220;Befestigungsplatte Trigano J-900590&#8221;<\/span><\/span><\/a><\/p>","protected":false},"featured_media":2471,"comment_status":"open","ping_status":"closed","template":"","meta":{"inline_featured_image":false},"product_brand":[],"product_cat":[211,180],"product_tag":[188],"class_list":{"0":"post-2472","1":"product","2":"type-product","3":"status-publish","4":"has-post-thumbnail","6":"product_cat-outdoor-aktivitaten","7":"product_cat-sport-freizeit","8":"product_tag-tag_1304","10":"first","11":"outofstock","12":"taxable","13":"shipping-taxable","14":"purchasable","15":"product-type-simple"},"aioseo_notices":[],"jetpack_sharing_enabled":true,"_links":{"self":[{"href":"https:\/\/wildgear.itc-gmbh.shop\/nl\/wp-json\/wp\/v2\/product\/2472","targetHints":{"allow":["GET"]}}],"collection":[{"href":"https:\/\/wildgear.itc-gmbh.shop\/nl\/wp-json\/wp\/v2\/product"}],"about":[{"href":"https:\/\/wildgear.itc-gmbh.shop\/nl\/wp-json\/wp\/v2\/types\/product"}],"replies":[{"embeddable":true,"href":"https:\/\/wildgear.itc-gmbh.shop\/nl\/wp-json\/wp\/v2\/comments?post=2472"}],"wp:featuredmedia":[{"embeddable":true,"href":"https:\/\/wildgear.itc-gmbh.shop\/nl\/wp-json\/wp\/v2\/media\/2471"}],"wp:attachment":[{"href":"https:\/\/wildgear.itc-gmbh.shop\/nl\/wp-json\/wp\/v2\/media?parent=2472"}],"wp:term":[{"taxonomy":"product_brand","embeddable":true,"href":"https:\/\/wildgear.itc-gmbh.shop\/nl\/wp-json\/wp\/v2\/product_brand?post=2472"},{"taxonomy":"product_cat","embeddable":true,"href":"https:\/\/wildgear.itc-gmbh.shop\/nl\/wp-json\/wp\/v2\/product_cat?post=2472"},{"taxonomy":"product_tag","embeddable":true,"href":"https:\/\/wildgear.itc-gmbh.shop\/nl\/wp-json\/wp\/v2\/product_tag?post=2472"}],"curies":[{"name":"wp","href":"https:\/\/api.w.org\/{rel}","templated":true}]}}