{"id":2483,"date":"2024-05-27T00:02:53","date_gmt":"2024-05-27T00:02:53","guid":{"rendered":"https:\/\/outdoor.itc-gmbh.shop\/product\/schwenksitz-colorbaby-43-x-175-x-17-cm-4-stueck\/"},"modified":"2024-05-27T00:02:57","modified_gmt":"2024-05-27T00:02:57","slug":"schwenksitz-colorbaby-43-x-175-x-17-cm-4-stueck","status":"publish","type":"product","link":"https:\/\/wildgear.itc-gmbh.shop\/nl\/product\/schwenksitz-colorbaby-43-x-175-x-17-cm-4-stueck\/","title":{"rendered":"Draaibaar zitje Colorbaby 43 x 175 x 17 cm (4 stuks)"},"content":{"rendered":"<p>We willen alleen het beste voor onze kinderen en daarom willen we je het volgende bieden <b>Draaibaar zitje Colorbaby 43 x 175 x 17 cm (4 stuks)<\/b> perfect voor iedereen die op zoek is naar producten van hoge kwaliteit voor zijn kleintjes. Nu kopen <b>Colorbaby<\/b> tegen de beste prijzen!<\/p>\n<ul>\n<li>Materiaal:\n<ul>\n<li>Polyester<\/li>\n<li>Metaal<\/li>\n<li>Kunststof<\/li>\n<\/ul>\n<\/li>\n<li>Merkmale: Einstellbare H\u00f6he<\/li>\n<li>Aanbevolen leeftijd: + 3 jaar<\/li>\n<li>Max. unterst\u00fctztes Gewicht: 90 Kg<\/li>\n<li>Stuk: 4 stuks<\/li>\n<li>Ma\u00dfe ca.: 43 x 175 x 17 cm<\/li>\n<li>Inbegrepen:\n<ul>\n<li>Seile<\/li>\n<li>Karabinerhaken aus Metall zum Anh\u00e4ngen<\/li>\n<\/ul>\n<\/li>\n<li>Kleur:\n<ul>\n<li>Geel<\/li>\n<li>groen<\/li>\n<\/ul>\n<\/li>\n<\/ul>","protected":false},"excerpt":{"rendered":"<p>F\u00fcr unsere Kinder m\u00f6chten wir nur das Beste, und deshalb m\u00f6chten wir Ihnen Schwenksitz Colorbaby 43 x 175 x 17 cm (4 St\u00fcck) vorstellen, perfekt f\u00fcr alle, die qualitativ hochwertige Produkte f\u00fcr die Kleinsten suchen. Kaufen Sie Colorbaby zu den besten Preisen! Material: Polyester Metall Kunststoff Merkmale: Einstellbare H\u00f6he Empfohlenes Alter: + 3 jahre Max. &hellip; <\/p>\n<p class=\"more-link-wrap\"><a href=\"https:\/\/wildgear.itc-gmbh.shop\/nl\/product\/schwenksitz-colorbaby-43-x-175-x-17-cm-4-stueck\/\" class=\"more-link\"><span>Read More<span class=\"screen-reader-text\"> &#8220;Schwenksitz Colorbaby 43 x 175 x 17 cm (4 St\u00fcck)&#8221;<\/span><\/span><\/a><\/p>","protected":false},"featured_media":2482,"comment_status":"open","ping_status":"closed","template":"","meta":{"inline_featured_image":false},"product_brand":[],"product_cat":[211,180],"product_tag":[207,209,210,177,187,208],"class_list":{"0":"post-2483","1":"product","2":"type-product","3":"status-publish","4":"has-post-thumbnail","6":"product_cat-outdoor-aktivitaten","7":"product_cat-sport-freizeit","8":"product_tag-tag_30","9":"product_tag-tag_768","10":"product_tag-tag_1275","11":"product_tag-tag_3","12":"product_tag-tag_124","13":"product_tag-tag_650","15":"first","16":"instock","17":"taxable","18":"shipping-taxable","19":"purchasable","20":"product-type-simple"},"aioseo_notices":[],"jetpack_sharing_enabled":true,"_links":{"self":[{"href":"https:\/\/wildgear.itc-gmbh.shop\/nl\/wp-json\/wp\/v2\/product\/2483","targetHints":{"allow":["GET"]}}],"collection":[{"href":"https:\/\/wildgear.itc-gmbh.shop\/nl\/wp-json\/wp\/v2\/product"}],"about":[{"href":"https:\/\/wildgear.itc-gmbh.shop\/nl\/wp-json\/wp\/v2\/types\/product"}],"replies":[{"embeddable":true,"href":"https:\/\/wildgear.itc-gmbh.shop\/nl\/wp-json\/wp\/v2\/comments?post=2483"}],"wp:featuredmedia":[{"embeddable":true,"href":"https:\/\/wildgear.itc-gmbh.shop\/nl\/wp-json\/wp\/v2\/media\/2482"}],"wp:attachment":[{"href":"https:\/\/wildgear.itc-gmbh.shop\/nl\/wp-json\/wp\/v2\/media?parent=2483"}],"wp:term":[{"taxonomy":"product_brand","embeddable":true,"href":"https:\/\/wildgear.itc-gmbh.shop\/nl\/wp-json\/wp\/v2\/product_brand?post=2483"},{"taxonomy":"product_cat","embeddable":true,"href":"https:\/\/wildgear.itc-gmbh.shop\/nl\/wp-json\/wp\/v2\/product_cat?post=2483"},{"taxonomy":"product_tag","embeddable":true,"href":"https:\/\/wildgear.itc-gmbh.shop\/nl\/wp-json\/wp\/v2\/product_tag?post=2483"}],"curies":[{"name":"wp","href":"https:\/\/api.w.org\/{rel}","templated":true}]}}