{"id":2564,"date":"2024-05-27T00:05:01","date_gmt":"2024-05-27T00:05:01","guid":{"rendered":"https:\/\/outdoor.itc-gmbh.shop\/product\/schaukel-soulet-gruen\/"},"modified":"2024-05-27T00:05:08","modified_gmt":"2024-05-27T00:05:08","slug":"schaukel-soulet-gruen","status":"publish","type":"product","link":"https:\/\/wildgear.itc-gmbh.shop\/nl\/product\/schaukel-soulet-gruen\/","title":{"rendered":"Swing Soulet groen"},"content":{"rendered":"<p>We willen alleen het beste voor onze kinderen en daarom willen we je het volgende bieden <b>Swing Soulet groen<\/b> perfect voor iedereen die op zoek is naar producten van hoge kwaliteit voor zijn kleintjes. Nu kopen <b>Soulet<\/b> tegen de beste prijzen!<\/p>\n<ul>\n<li>Art: Schaukel<\/li>\n<li>Kleur: groen<\/li>\n<li>Material: Stahl<\/li>\n<li>Empfohlenes Alter: + 6 Monate<\/li>\n<li>Max. unterst\u00fctztes Gewicht: 25 kg<\/li>\n<\/ul>","protected":false},"excerpt":{"rendered":"<p>F\u00fcr unsere Kinder m\u00f6chten wir nur das Beste, und deshalb m\u00f6chten wir Ihnen Schaukel Soulet gr\u00fcn vorstellen, perfekt f\u00fcr alle, die qualitativ hochwertige Produkte f\u00fcr die Kleinsten suchen. Kaufen Sie Soulet zu den besten Preisen! Art: Schaukel Farbe: gr\u00fcn Material: Stahl Empfohlenes Alter: + 6 Monate Max. unterst\u00fctztes Gewicht: 25 kg<\/p>","protected":false},"featured_media":2563,"comment_status":"open","ping_status":"closed","template":"","meta":{"inline_featured_image":false},"product_brand":[],"product_cat":[211,180],"product_tag":[207,188,209,177,187,208],"class_list":{"0":"post-2564","1":"product","2":"type-product","3":"status-publish","4":"has-post-thumbnail","6":"product_cat-outdoor-aktivitaten","7":"product_cat-sport-freizeit","8":"product_tag-tag_30","9":"product_tag-tag_1304","10":"product_tag-tag_768","11":"product_tag-tag_3","12":"product_tag-tag_124","13":"product_tag-tag_650","15":"first","16":"outofstock","17":"taxable","18":"shipping-taxable","19":"purchasable","20":"product-type-simple"},"aioseo_notices":[],"jetpack_sharing_enabled":true,"_links":{"self":[{"href":"https:\/\/wildgear.itc-gmbh.shop\/nl\/wp-json\/wp\/v2\/product\/2564","targetHints":{"allow":["GET"]}}],"collection":[{"href":"https:\/\/wildgear.itc-gmbh.shop\/nl\/wp-json\/wp\/v2\/product"}],"about":[{"href":"https:\/\/wildgear.itc-gmbh.shop\/nl\/wp-json\/wp\/v2\/types\/product"}],"replies":[{"embeddable":true,"href":"https:\/\/wildgear.itc-gmbh.shop\/nl\/wp-json\/wp\/v2\/comments?post=2564"}],"wp:featuredmedia":[{"embeddable":true,"href":"https:\/\/wildgear.itc-gmbh.shop\/nl\/wp-json\/wp\/v2\/media\/2563"}],"wp:attachment":[{"href":"https:\/\/wildgear.itc-gmbh.shop\/nl\/wp-json\/wp\/v2\/media?parent=2564"}],"wp:term":[{"taxonomy":"product_brand","embeddable":true,"href":"https:\/\/wildgear.itc-gmbh.shop\/nl\/wp-json\/wp\/v2\/product_brand?post=2564"},{"taxonomy":"product_cat","embeddable":true,"href":"https:\/\/wildgear.itc-gmbh.shop\/nl\/wp-json\/wp\/v2\/product_cat?post=2564"},{"taxonomy":"product_tag","embeddable":true,"href":"https:\/\/wildgear.itc-gmbh.shop\/nl\/wp-json\/wp\/v2\/product_tag?post=2564"}],"curies":[{"name":"wp","href":"https:\/\/api.w.org\/{rel}","templated":true}]}}