{"id":2579,"date":"2024-05-27T00:05:26","date_gmt":"2024-05-27T00:05:26","guid":{"rendered":"https:\/\/outdoor.itc-gmbh.shop\/product\/trampolin-salta-5426a-o-140-cm\/"},"modified":"2024-05-27T00:05:32","modified_gmt":"2024-05-27T00:05:32","slug":"trampolin-salta-5426a-o-140-cm","status":"publish","type":"product","link":"https:\/\/wildgear.itc-gmbh.shop\/nl\/product\/trampolin-salta-5426a-o-140-cm\/","title":{"rendered":"Trampoline Salta 5426A \u00d8 140 cm"},"content":{"rendered":"<p>Blijf in vorm en ontdek de nieuwste innovaties in de sector zodat je in de beste omstandigheden kunt sporten! Nu kopen <b>Trampoline Salta 5426A \u00d8 140 cm<\/b> tegen de beste prijs en geniet van een gezond leven!<\/p>\n<ul>\n<li>Kleur:\n<ul>\n<li>Zwart<\/li>\n<li>Zwart-wit<\/li>\n<\/ul>\n<\/li>\n<li>Durchmesser: \u00d8 140 cm<\/li>\n<li>Max. unterst\u00fctztes Gewicht: 35 kg<\/li>\n<li>Art: Kindertrampolin mit Sicherheitsnetz<\/li>\n<li>Material: Stahl<\/li>\n<li>Armbandsluiting: ritssluiting<\/li>\n<li>Aanbevolen leeftijd:\n<ul>\n<li>+ 3 jaar<\/li>\n<li>Kinderen<\/li>\n<\/ul>\n<\/li>\n<li>Enthalten: Montageanleitung<\/li>\n<li>Design: rund<\/li>\n<\/ul>","protected":false},"excerpt":{"rendered":"<p>Bleiben Sie in Form und entdecken Sie die neuesten Innovationen der Branche, um mit den besten Voraussetzungen Sport zu betreiben! Kaufen Sie Trampolin Salta 5426A \u00d8 140 cm zum besten Preis und genie\u00dfen Sie ein gesundes Leben! Farbe: Schwarz Schwarzwei\u00df Durchmesser: \u00d8 140 cm Max. unterst\u00fctztes Gewicht: 35 kg Art: Kindertrampolin mit Sicherheitsnetz Material: Stahl &hellip; <\/p>\n<p class=\"more-link-wrap\"><a href=\"https:\/\/wildgear.itc-gmbh.shop\/nl\/product\/trampolin-salta-5426a-o-140-cm\/\" class=\"more-link\"><span>Read More<span class=\"screen-reader-text\"> &#8220;Trampolin Salta 5426A \u00d8 140 cm&#8221;<\/span><\/span><\/a><\/p>","protected":false},"featured_media":2578,"comment_status":"open","ping_status":"closed","template":"","meta":{"inline_featured_image":false},"product_brand":[],"product_cat":[211,180],"product_tag":[213,178,214],"class_list":{"0":"post-2579","1":"product","2":"type-product","3":"status-publish","4":"has-post-thumbnail","6":"product_cat-outdoor-aktivitaten","7":"product_cat-sport-freizeit","8":"product_tag-tag_69","9":"product_tag-tag_17","10":"product_tag-tag_1294","12":"first","13":"outofstock","14":"taxable","15":"shipping-taxable","16":"purchasable","17":"product-type-simple"},"aioseo_notices":[],"jetpack_sharing_enabled":true,"_links":{"self":[{"href":"https:\/\/wildgear.itc-gmbh.shop\/nl\/wp-json\/wp\/v2\/product\/2579","targetHints":{"allow":["GET"]}}],"collection":[{"href":"https:\/\/wildgear.itc-gmbh.shop\/nl\/wp-json\/wp\/v2\/product"}],"about":[{"href":"https:\/\/wildgear.itc-gmbh.shop\/nl\/wp-json\/wp\/v2\/types\/product"}],"replies":[{"embeddable":true,"href":"https:\/\/wildgear.itc-gmbh.shop\/nl\/wp-json\/wp\/v2\/comments?post=2579"}],"wp:featuredmedia":[{"embeddable":true,"href":"https:\/\/wildgear.itc-gmbh.shop\/nl\/wp-json\/wp\/v2\/media\/2578"}],"wp:attachment":[{"href":"https:\/\/wildgear.itc-gmbh.shop\/nl\/wp-json\/wp\/v2\/media?parent=2579"}],"wp:term":[{"taxonomy":"product_brand","embeddable":true,"href":"https:\/\/wildgear.itc-gmbh.shop\/nl\/wp-json\/wp\/v2\/product_brand?post=2579"},{"taxonomy":"product_cat","embeddable":true,"href":"https:\/\/wildgear.itc-gmbh.shop\/nl\/wp-json\/wp\/v2\/product_cat?post=2579"},{"taxonomy":"product_tag","embeddable":true,"href":"https:\/\/wildgear.itc-gmbh.shop\/nl\/wp-json\/wp\/v2\/product_tag?post=2579"}],"curies":[{"name":"wp","href":"https:\/\/api.w.org\/{rel}","templated":true}]}}