{"id":3380,"date":"2024-05-27T00:39:06","date_gmt":"2024-05-27T00:39:06","guid":{"rendered":"https:\/\/outdoor.itc-gmbh.shop\/product\/bergstiefel-hi-tec-torca-mid-schwarz\/"},"modified":"2024-05-27T03:57:55","modified_gmt":"2024-05-27T03:57:55","slug":"bergstiefel-hi-tec-torca-mid-schwarz","status":"publish","type":"product","link":"https:\/\/wildgear.itc-gmbh.shop\/nl\/product\/bergstiefel-hi-tec-torca-mid-schwarz\/","title":{"rendered":"Bergstiefel Hi-Tec Torca Mid Schwarz"},"content":{"rendered":"<p>Blijf in vorm en ontdek de nieuwste innovaties in de sector zodat je in de beste omstandigheden kunt sporten! Nu kopen <b>Bergstiefel Hi-Tec Torca Mid Schwarz<\/b> tegen de beste prijs en geniet van een gezond leven!<\/p>\n<ul>\n<li>Kleur: Zwart<\/li>\n<li>Geslacht: Mannen<\/li>\n<li>Aanbevolen leeftijd: Volwassenen<\/li>\n<li>Type: Bergschoenen<\/li>\n<li>Kenmerken:\n<ul>\n<li>Mackintoshes<\/li>\n<li>Ademend<\/li>\n<li>Versterkte punt<\/li>\n<li>Verst\u00e4rkte Ferse<\/li>\n<\/ul>\n<\/li>\n<\/ul>","protected":false},"excerpt":{"rendered":"<p>Bleiben Sie in Form und entdecken Sie die neuesten Innovationen der Branche, um mit den besten Voraussetzungen Sport zu betreiben! Kaufen Sie Bergstiefel Hi-Tec Torca Mid Schwarz zum besten Preis und genie\u00dfen Sie ein gesundes Leben! Farbe: Schwarz Geschlecht: Herren Empfohlenes Alter: Erwachsene Art: Bergstiefel Merkmale: Regenm\u00e4ntel Atmungsaktiv Verst\u00e4rkte Spitze Verst\u00e4rkte Ferse<\/p>","protected":false},"featured_media":3379,"comment_status":"open","ping_status":"closed","template":"","meta":{"inline_featured_image":false},"product_brand":[],"product_cat":[234,181,180],"product_tag":[],"class_list":{"0":"post-3380","1":"product","2":"type-product","3":"status-publish","4":"has-post-thumbnail","6":"product_cat-bergkleidung","7":"product_cat-camping-und-berge","8":"product_cat-sport-freizeit","10":"first","11":"instock","12":"taxable","13":"shipping-taxable","14":"purchasable","15":"product-type-variable"},"aioseo_notices":[],"jetpack_sharing_enabled":true,"_links":{"self":[{"href":"https:\/\/wildgear.itc-gmbh.shop\/nl\/wp-json\/wp\/v2\/product\/3380","targetHints":{"allow":["GET"]}}],"collection":[{"href":"https:\/\/wildgear.itc-gmbh.shop\/nl\/wp-json\/wp\/v2\/product"}],"about":[{"href":"https:\/\/wildgear.itc-gmbh.shop\/nl\/wp-json\/wp\/v2\/types\/product"}],"replies":[{"embeddable":true,"href":"https:\/\/wildgear.itc-gmbh.shop\/nl\/wp-json\/wp\/v2\/comments?post=3380"}],"wp:featuredmedia":[{"embeddable":true,"href":"https:\/\/wildgear.itc-gmbh.shop\/nl\/wp-json\/wp\/v2\/media\/3379"}],"wp:attachment":[{"href":"https:\/\/wildgear.itc-gmbh.shop\/nl\/wp-json\/wp\/v2\/media?parent=3380"}],"wp:term":[{"taxonomy":"product_brand","embeddable":true,"href":"https:\/\/wildgear.itc-gmbh.shop\/nl\/wp-json\/wp\/v2\/product_brand?post=3380"},{"taxonomy":"product_cat","embeddable":true,"href":"https:\/\/wildgear.itc-gmbh.shop\/nl\/wp-json\/wp\/v2\/product_cat?post=3380"},{"taxonomy":"product_tag","embeddable":true,"href":"https:\/\/wildgear.itc-gmbh.shop\/nl\/wp-json\/wp\/v2\/product_tag?post=3380"}],"curies":[{"name":"wp","href":"https:\/\/api.w.org\/{rel}","templated":true}]}}