{"id":4202,"date":"2024-05-27T01:10:56","date_gmt":"2024-05-27T01:10:56","guid":{"rendered":"https:\/\/outdoor.itc-gmbh.shop\/product\/sportsocken-sinner-animal-pack-ski-2-stueck-bunt\/"},"modified":"2024-05-27T03:58:16","modified_gmt":"2024-05-27T03:58:16","slug":"sportsocken-sinner-animal-pack-ski-2-stueck-bunt","status":"publish","type":"product","link":"https:\/\/wildgear.itc-gmbh.shop\/nl\/product\/sportsocken-sinner-animal-pack-ski-2-stueck-bunt\/","title":{"rendered":"Sportsocken Sinner Animal Pack Ski 2 St\u00fcck Bunt"},"content":{"rendered":"<p>Blijf in vorm en ontdek de nieuwste innovaties in de sector zodat je in de beste omstandigheden kunt sporten! Nu kopen <b>Sportsocken Sinner Animal Pack 2 St\u00fcck Ski<\/b> tegen de beste prijs en geniet van een gezond leven!<\/p>\n<ul>\n<li>Geslacht: Dames<\/li>\n<li>Aanbevolen leeftijd: Volwassenen<\/li>\n<li>Sport: Ski<\/li>\n<li>Type: Sokken<\/li>\n<li>Enthalten: 2 Paar<\/li>\n<li>Stuk: 2 stuks<\/li>\n<li>Kleur:\n<ul>\n<li>Kleurrijk<\/li>\n<li>Bruin<\/li>\n<\/ul>\n<\/li>\n<\/ul>","protected":false},"excerpt":{"rendered":"<p>Bleiben Sie in Form und entdecken Sie die neuesten Innovationen der Branche, um mit den besten Voraussetzungen Sport zu betreiben! Kaufen Sie Sportsocken Sinner Animal Pack 2 St\u00fcck Ski zum besten Preis und genie\u00dfen Sie ein gesundes Leben! Geschlecht: Damen Empfohlenes Alter: Erwachsene Sport: Ski Art: Socken Enthalten: 2 Paar St\u00fcck: 2 St\u00fcck Farbe: Bunt &hellip; <\/p>\n<p class=\"more-link-wrap\"><a href=\"https:\/\/wildgear.itc-gmbh.shop\/nl\/product\/sportsocken-sinner-animal-pack-ski-2-stueck-bunt\/\" class=\"more-link\"><span>Read More<span class=\"screen-reader-text\"> &#8220;Sportsocken Sinner Animal Pack Ski 2 St\u00fcck Bunt&#8221;<\/span><\/span><\/a><\/p>","protected":false},"featured_media":4201,"comment_status":"open","ping_status":"closed","template":"","meta":{"inline_featured_image":false},"product_brand":[],"product_cat":[234,181,180],"product_tag":[213,178],"class_list":{"0":"post-4202","1":"product","2":"type-product","3":"status-publish","4":"has-post-thumbnail","6":"product_cat-bergkleidung","7":"product_cat-camping-und-berge","8":"product_cat-sport-freizeit","9":"product_tag-tag_69","10":"product_tag-tag_17","12":"first","13":"instock","14":"taxable","15":"shipping-taxable","16":"purchasable","17":"product-type-variable"},"aioseo_notices":[],"jetpack_sharing_enabled":true,"_links":{"self":[{"href":"https:\/\/wildgear.itc-gmbh.shop\/nl\/wp-json\/wp\/v2\/product\/4202","targetHints":{"allow":["GET"]}}],"collection":[{"href":"https:\/\/wildgear.itc-gmbh.shop\/nl\/wp-json\/wp\/v2\/product"}],"about":[{"href":"https:\/\/wildgear.itc-gmbh.shop\/nl\/wp-json\/wp\/v2\/types\/product"}],"replies":[{"embeddable":true,"href":"https:\/\/wildgear.itc-gmbh.shop\/nl\/wp-json\/wp\/v2\/comments?post=4202"}],"wp:featuredmedia":[{"embeddable":true,"href":"https:\/\/wildgear.itc-gmbh.shop\/nl\/wp-json\/wp\/v2\/media\/4201"}],"wp:attachment":[{"href":"https:\/\/wildgear.itc-gmbh.shop\/nl\/wp-json\/wp\/v2\/media?parent=4202"}],"wp:term":[{"taxonomy":"product_brand","embeddable":true,"href":"https:\/\/wildgear.itc-gmbh.shop\/nl\/wp-json\/wp\/v2\/product_brand?post=4202"},{"taxonomy":"product_cat","embeddable":true,"href":"https:\/\/wildgear.itc-gmbh.shop\/nl\/wp-json\/wp\/v2\/product_cat?post=4202"},{"taxonomy":"product_tag","embeddable":true,"href":"https:\/\/wildgear.itc-gmbh.shop\/nl\/wp-json\/wp\/v2\/product_tag?post=4202"}],"curies":[{"name":"wp","href":"https:\/\/api.w.org\/{rel}","templated":true}]}}