{"id":4254,"date":"2024-05-27T01:11:56","date_gmt":"2024-05-27T01:11:56","guid":{"rendered":"https:\/\/outdoor.itc-gmbh.shop\/product\/sportmuetze-hurley-icon-cuff-schwarz-einheitsgroesse\/"},"modified":"2024-05-27T01:11:58","modified_gmt":"2024-05-27T01:11:58","slug":"sportmuetze-hurley-icon-cuff-schwarz-einheitsgroesse","status":"publish","type":"product","link":"https:\/\/wildgear.itc-gmbh.shop\/nl\/product\/sportmuetze-hurley-icon-cuff-schwarz-einheitsgroesse\/","title":{"rendered":"Sportm\u00fctze Hurley Icon Cuff Schwarz Einheitsgr\u00f6\u00dfe"},"content":{"rendered":"<p>Blijf in vorm en ontdek de nieuwste innovaties in de sector zodat je in de beste omstandigheden kunt sporten! Nu kopen <b>Sportm\u00fctze Hurley Icon Cuff Schwarz Einheitsgr\u00f6\u00dfe<\/b> tegen de beste prijs en geniet van een gezond leven!<\/p>\n<ul>\n<li>Kleur: Zwart<\/li>\n<li>Geslacht: Mannen<\/li>\n<li>Aanbevolen leeftijd: Volwassenen<\/li>\n<li>Maat: E\u00e9n maat<\/li>\n<li>Material: 100 % Acryl<\/li>\n<\/ul>","protected":false},"excerpt":{"rendered":"<p>Bleiben Sie in Form und entdecken Sie die neuesten Innovationen der Branche, um mit den besten Voraussetzungen Sport zu betreiben! Kaufen Sie Sportm\u00fctze Hurley Icon Cuff Schwarz Einheitsgr\u00f6\u00dfe zum besten Preis und genie\u00dfen Sie ein gesundes Leben! Farbe: Schwarz Geschlecht: Herren Empfohlenes Alter: Erwachsene Gr\u00f6\u00dfe: Einheitsgr\u00f6\u00dfe Material: 100 % Acryl<\/p>","protected":false},"featured_media":4253,"comment_status":"open","ping_status":"closed","template":"","meta":{"inline_featured_image":false},"product_brand":[],"product_cat":[234,181,180],"product_tag":[177,178,222],"class_list":{"0":"post-4254","1":"product","2":"type-product","3":"status-publish","4":"has-post-thumbnail","6":"product_cat-bergkleidung","7":"product_cat-camping-und-berge","8":"product_cat-sport-freizeit","9":"product_tag-tag_3","10":"product_tag-tag_17","11":"product_tag-tag_587","13":"first","14":"outofstock","15":"taxable","16":"shipping-taxable","17":"purchasable","18":"product-type-simple"},"aioseo_notices":[],"jetpack_sharing_enabled":true,"_links":{"self":[{"href":"https:\/\/wildgear.itc-gmbh.shop\/nl\/wp-json\/wp\/v2\/product\/4254","targetHints":{"allow":["GET"]}}],"collection":[{"href":"https:\/\/wildgear.itc-gmbh.shop\/nl\/wp-json\/wp\/v2\/product"}],"about":[{"href":"https:\/\/wildgear.itc-gmbh.shop\/nl\/wp-json\/wp\/v2\/types\/product"}],"replies":[{"embeddable":true,"href":"https:\/\/wildgear.itc-gmbh.shop\/nl\/wp-json\/wp\/v2\/comments?post=4254"}],"wp:featuredmedia":[{"embeddable":true,"href":"https:\/\/wildgear.itc-gmbh.shop\/nl\/wp-json\/wp\/v2\/media\/4253"}],"wp:attachment":[{"href":"https:\/\/wildgear.itc-gmbh.shop\/nl\/wp-json\/wp\/v2\/media?parent=4254"}],"wp:term":[{"taxonomy":"product_brand","embeddable":true,"href":"https:\/\/wildgear.itc-gmbh.shop\/nl\/wp-json\/wp\/v2\/product_brand?post=4254"},{"taxonomy":"product_cat","embeddable":true,"href":"https:\/\/wildgear.itc-gmbh.shop\/nl\/wp-json\/wp\/v2\/product_cat?post=4254"},{"taxonomy":"product_tag","embeddable":true,"href":"https:\/\/wildgear.itc-gmbh.shop\/nl\/wp-json\/wp\/v2\/product_tag?post=4254"}],"curies":[{"name":"wp","href":"https:\/\/api.w.org\/{rel}","templated":true}]}}