{"id":6530,"date":"2024-05-27T01:49:59","date_gmt":"2024-05-27T01:49:59","guid":{"rendered":"https:\/\/outdoor.itc-gmbh.shop\/product\/fleece-dewalt-m\/"},"modified":"2024-05-27T01:50:00","modified_gmt":"2024-05-27T01:50:00","slug":"fleece-dewalt-m","status":"publish","type":"product","link":"https:\/\/wildgear.itc-gmbh.shop\/nl\/product\/fleece-dewalt-m\/","title":{"rendered":"Fleece Dewalt M"},"content":{"rendered":"<p>Als je je garderobe wilt vernieuwen, raden we je het volgende aan <b>Fleece Dewalt M<\/b> en meer <b> Produkte von Dewalt<\/b>! Nu voor jou de beste kwaliteit tegen de beste prijs!<\/p>\n<ul>\n<li>Art:\n<ul>\n<li>Sweater mit Kapuze<\/li>\n<li>Fleece<\/li>\n<\/ul>\n<\/li>\n<li>Gr\u00f6\u00dfe: M<\/li>\n<li>Kenmerken:\n<ul>\n<li>Mit Rei\u00dfverschluss<\/li>\n<li>Elastisch<\/li>\n<\/ul>\n<\/li>\n<li>Armbandsluiting: ritssluiting<\/li>\n<\/ul>","protected":false},"excerpt":{"rendered":"<p>Wenn Sie Ihren Kleiderschrank erneuern m\u00f6chten, empfehlen wir Ihnen Fleece Dewalt M und weitere Produkte von Dewalt! Jetzt f\u00fcr Sie die beste Qualit\u00e4t zum besten Preis! Art: Sweater mit Kapuze Fleece Gr\u00f6\u00dfe: M Merkmale: Mit Rei\u00dfverschluss Elastisch Verschluss Armband: Rei\u00dfverschluss<\/p>","protected":false},"featured_media":6529,"comment_status":"open","ping_status":"closed","template":"","meta":{"inline_featured_image":false},"product_brand":[],"product_cat":[234,181,180],"product_tag":[471,220,222],"class_list":{"0":"post-6530","1":"product","2":"type-product","3":"status-publish","4":"has-post-thumbnail","6":"product_cat-bergkleidung","7":"product_cat-camping-und-berge","8":"product_cat-sport-freizeit","9":"product_tag-tag_1261","10":"product_tag-tag_575","11":"product_tag-tag_587","13":"first","14":"outofstock","15":"taxable","16":"shipping-taxable","17":"purchasable","18":"product-type-simple"},"aioseo_notices":[],"jetpack_sharing_enabled":true,"_links":{"self":[{"href":"https:\/\/wildgear.itc-gmbh.shop\/nl\/wp-json\/wp\/v2\/product\/6530","targetHints":{"allow":["GET"]}}],"collection":[{"href":"https:\/\/wildgear.itc-gmbh.shop\/nl\/wp-json\/wp\/v2\/product"}],"about":[{"href":"https:\/\/wildgear.itc-gmbh.shop\/nl\/wp-json\/wp\/v2\/types\/product"}],"replies":[{"embeddable":true,"href":"https:\/\/wildgear.itc-gmbh.shop\/nl\/wp-json\/wp\/v2\/comments?post=6530"}],"wp:featuredmedia":[{"embeddable":true,"href":"https:\/\/wildgear.itc-gmbh.shop\/nl\/wp-json\/wp\/v2\/media\/6529"}],"wp:attachment":[{"href":"https:\/\/wildgear.itc-gmbh.shop\/nl\/wp-json\/wp\/v2\/media?parent=6530"}],"wp:term":[{"taxonomy":"product_brand","embeddable":true,"href":"https:\/\/wildgear.itc-gmbh.shop\/nl\/wp-json\/wp\/v2\/product_brand?post=6530"},{"taxonomy":"product_cat","embeddable":true,"href":"https:\/\/wildgear.itc-gmbh.shop\/nl\/wp-json\/wp\/v2\/product_cat?post=6530"},{"taxonomy":"product_tag","embeddable":true,"href":"https:\/\/wildgear.itc-gmbh.shop\/nl\/wp-json\/wp\/v2\/product_tag?post=6530"}],"curies":[{"name":"wp","href":"https:\/\/api.w.org\/{rel}","templated":true}]}}