{"id":7558,"date":"2024-05-27T02:07:55","date_gmt":"2024-05-27T02:07:55","guid":{"rendered":"https:\/\/outdoor.itc-gmbh.shop\/product\/bandana-buff-coolnet-militaergruen-roehrenfoermig\/"},"modified":"2024-05-27T02:07:58","modified_gmt":"2024-05-27T02:07:58","slug":"bandana-buff-coolnet-militaergruen-roehrenfoermig","status":"publish","type":"product","link":"https:\/\/wildgear.itc-gmbh.shop\/nl\/product\/bandana-buff-coolnet-militaergruen-roehrenfoermig\/","title":{"rendered":"Bandana Buff Coolnet Milit\u00e4rgr\u00fcn R\u00f6hrenf\u00f6rmig"},"content":{"rendered":"<p>Blijf in vorm en ontdek de nieuwste innovaties in de sector zodat je in de beste omstandigheden kunt sporten! Nu kopen <b>Bandana Buff Coolnet Milit\u00e4rgr\u00fcn R\u00f6hrenf\u00f6rmig<\/b> tegen de beste prijs en geniet van een gezond leven!<\/p>\n<ul>\n<li>Geslacht: Unisex<\/li>\n<li>Aanbevolen leeftijd: Volwassenen<\/li>\n<li>Form: R\u00f6hrenf\u00f6rmig<\/li>\n<li>Kenmerken:\n<ul>\n<li>UV-best\u00e4ndig<\/li>\n<li>Hitzeschutz<\/li>\n<li>Erfrischend<\/li>\n<\/ul>\n<\/li>\n<li>Maat: E\u00e9n maat<\/li>\n<li>Art: Bandana<\/li>\n<li>Farbe: Milit\u00e4rgr\u00fcn<\/li>\n<li>Land\/Region der Herstellung: Spanien<\/li>\n<\/ul>","protected":false},"excerpt":{"rendered":"<p>Bleiben Sie in Form und entdecken Sie die neuesten Innovationen der Branche, um mit den besten Voraussetzungen Sport zu betreiben! Kaufen Sie Bandana Buff Coolnet Milit\u00e4rgr\u00fcn R\u00f6hrenf\u00f6rmig zum besten Preis und genie\u00dfen Sie ein gesundes Leben! Geschlecht: Unisex Empfohlenes Alter: Erwachsene Form: R\u00f6hrenf\u00f6rmig Merkmale: UV-best\u00e4ndig Hitzeschutz Erfrischend Gr\u00f6\u00dfe: Einheitsgr\u00f6\u00dfe Art: Bandana Farbe: Milit\u00e4rgr\u00fcn Land\/Region der &hellip; <\/p>\n<p class=\"more-link-wrap\"><a href=\"https:\/\/wildgear.itc-gmbh.shop\/nl\/product\/bandana-buff-coolnet-militaergruen-roehrenfoermig\/\" class=\"more-link\"><span>Read More<span class=\"screen-reader-text\"> &#8220;Bandana Buff Coolnet Milit\u00e4rgr\u00fcn R\u00f6hrenf\u00f6rmig&#8221;<\/span><\/span><\/a><\/p>","protected":false},"featured_media":7557,"comment_status":"open","ping_status":"closed","template":"","meta":{"inline_featured_image":false},"product_brand":[],"product_cat":[234,181,180],"product_tag":[177,178],"class_list":{"0":"post-7558","1":"product","2":"type-product","3":"status-publish","4":"has-post-thumbnail","6":"product_cat-bergkleidung","7":"product_cat-camping-und-berge","8":"product_cat-sport-freizeit","9":"product_tag-tag_3","10":"product_tag-tag_17","12":"first","13":"instock","14":"taxable","15":"shipping-taxable","16":"purchasable","17":"product-type-simple"},"aioseo_notices":[],"jetpack_sharing_enabled":true,"_links":{"self":[{"href":"https:\/\/wildgear.itc-gmbh.shop\/nl\/wp-json\/wp\/v2\/product\/7558","targetHints":{"allow":["GET"]}}],"collection":[{"href":"https:\/\/wildgear.itc-gmbh.shop\/nl\/wp-json\/wp\/v2\/product"}],"about":[{"href":"https:\/\/wildgear.itc-gmbh.shop\/nl\/wp-json\/wp\/v2\/types\/product"}],"replies":[{"embeddable":true,"href":"https:\/\/wildgear.itc-gmbh.shop\/nl\/wp-json\/wp\/v2\/comments?post=7558"}],"wp:featuredmedia":[{"embeddable":true,"href":"https:\/\/wildgear.itc-gmbh.shop\/nl\/wp-json\/wp\/v2\/media\/7557"}],"wp:attachment":[{"href":"https:\/\/wildgear.itc-gmbh.shop\/nl\/wp-json\/wp\/v2\/media?parent=7558"}],"wp:term":[{"taxonomy":"product_brand","embeddable":true,"href":"https:\/\/wildgear.itc-gmbh.shop\/nl\/wp-json\/wp\/v2\/product_brand?post=7558"},{"taxonomy":"product_cat","embeddable":true,"href":"https:\/\/wildgear.itc-gmbh.shop\/nl\/wp-json\/wp\/v2\/product_cat?post=7558"},{"taxonomy":"product_tag","embeddable":true,"href":"https:\/\/wildgear.itc-gmbh.shop\/nl\/wp-json\/wp\/v2\/product_tag?post=7558"}],"curies":[{"name":"wp","href":"https:\/\/api.w.org\/{rel}","templated":true}]}}