{"id":7668,"date":"2024-05-27T02:10:00","date_gmt":"2024-05-27T02:10:00","guid":{"rendered":"https:\/\/outdoor.itc-gmbh.shop\/product\/zelt-aktive-4-menschen-240-x-130-x-210-cm-2-stueck\/"},"modified":"2024-05-27T02:10:06","modified_gmt":"2024-05-27T02:10:06","slug":"zelt-aktive-4-menschen-240-x-130-x-210-cm-2-stueck","status":"publish","type":"product","link":"https:\/\/wildgear.itc-gmbh.shop\/nl\/product\/zelt-aktive-4-menschen-240-x-130-x-210-cm-2-stueck\/","title":{"rendered":"Zelt Aktive 4 menschen 240 x 130 x 210 cm (2 St\u00fcck)"},"content":{"rendered":"<p>Met deze suggesties voor jong en oud is zomerpret gegarandeerd! Koop <b>Zelt Aktive 4 menschen 240 x 130 x 210 cm (2 St\u00fcck)<\/b>] en geniet van je vrije tijd!<\/p>\n<ul>\n<li>Kleur:\n<ul>\n<li>Blauw<\/li>\n<li>Grijs<\/li>\n<li>groen<\/li>\n<\/ul>\n<\/li>\n<li>Inbegrepen:\n<ul>\n<li>Bars<\/li>\n<li>Transporttas<\/li>\n<li>Montageset<\/li>\n<li>Moskitonetz<\/li>\n<\/ul>\n<\/li>\n<li>Type: Enkellaags met dubbel dak<\/li>\n<li>Armbandsluiting: ritssluiting<\/li>\n<li>Sport: Kamperen<\/li>\n<li>Kenmerken:\n<ul>\n<li>Windows<\/li>\n<li>Waterdicht<\/li>\n<\/ul>\n<\/li>\n<li>Aantal zetels: 4 zetels<\/li>\n<li>Material: Fiberglas<\/li>\n<li>Stuk: 2 stuks<\/li>\n<li>Afmetingen ongeveer: 240 x 130 x 210 cm<\/li>\n<\/ul>","protected":false},"excerpt":{"rendered":"<p>Mit diesen Vorschl\u00e4gen, die Jung und Alt begeistern werden, ist der Sommerspa\u00df garantiert! Kaufen Sie Zelt Aktive 4 menschen 240 x 130 x 210 cm (2 St\u00fcck)] und genie\u00dfen Sie Ihre Freizeit! Farbe: Blau Grau gr\u00fcn Enthalten: St\u00e4be Transportbeutel Montage-Kit Moskitonetz Art: Einlagig mit Doppeldach Verschluss Armband: Rei\u00dfverschluss Sport: Camping Merkmale: Fenster Wasserfest Anzahl der &hellip; <\/p>\n<p class=\"more-link-wrap\"><a href=\"https:\/\/wildgear.itc-gmbh.shop\/nl\/product\/zelt-aktive-4-menschen-240-x-130-x-210-cm-2-stueck\/\" class=\"more-link\"><span>Read More<span class=\"screen-reader-text\"> &#8220;Zelt Aktive 4 menschen 240 x 130 x 210 cm (2 St\u00fcck)&#8221;<\/span><\/span><\/a><\/p>","protected":false},"featured_media":7667,"comment_status":"open","ping_status":"closed","template":"","meta":{"inline_featured_image":false},"product_brand":[],"product_cat":[181,180,189],"product_tag":[177,178],"class_list":{"0":"post-7668","1":"product","2":"type-product","3":"status-publish","4":"has-post-thumbnail","6":"product_cat-camping-und-berge","7":"product_cat-sport-freizeit","8":"product_cat-zelte","9":"product_tag-tag_3","10":"product_tag-tag_17","12":"first","13":"outofstock","14":"taxable","15":"shipping-taxable","16":"purchasable","17":"product-type-simple"},"aioseo_notices":[],"jetpack_sharing_enabled":true,"_links":{"self":[{"href":"https:\/\/wildgear.itc-gmbh.shop\/nl\/wp-json\/wp\/v2\/product\/7668","targetHints":{"allow":["GET"]}}],"collection":[{"href":"https:\/\/wildgear.itc-gmbh.shop\/nl\/wp-json\/wp\/v2\/product"}],"about":[{"href":"https:\/\/wildgear.itc-gmbh.shop\/nl\/wp-json\/wp\/v2\/types\/product"}],"replies":[{"embeddable":true,"href":"https:\/\/wildgear.itc-gmbh.shop\/nl\/wp-json\/wp\/v2\/comments?post=7668"}],"wp:featuredmedia":[{"embeddable":true,"href":"https:\/\/wildgear.itc-gmbh.shop\/nl\/wp-json\/wp\/v2\/media\/7667"}],"wp:attachment":[{"href":"https:\/\/wildgear.itc-gmbh.shop\/nl\/wp-json\/wp\/v2\/media?parent=7668"}],"wp:term":[{"taxonomy":"product_brand","embeddable":true,"href":"https:\/\/wildgear.itc-gmbh.shop\/nl\/wp-json\/wp\/v2\/product_brand?post=7668"},{"taxonomy":"product_cat","embeddable":true,"href":"https:\/\/wildgear.itc-gmbh.shop\/nl\/wp-json\/wp\/v2\/product_cat?post=7668"},{"taxonomy":"product_tag","embeddable":true,"href":"https:\/\/wildgear.itc-gmbh.shop\/nl\/wp-json\/wp\/v2\/product_tag?post=7668"}],"curies":[{"name":"wp","href":"https:\/\/api.w.org\/{rel}","templated":true}]}}