{"id":7674,"date":"2024-05-27T02:10:07","date_gmt":"2024-05-27T02:10:07","guid":{"rendered":"https:\/\/outdoor.itc-gmbh.shop\/product\/zelt-aktive-2\/"},"modified":"2024-05-27T02:10:11","modified_gmt":"2024-05-27T02:10:11","slug":"zelt-aktive-2","status":"publish","type":"product","link":"https:\/\/wildgear.itc-gmbh.shop\/nl\/product\/zelt-aktive-2\/","title":{"rendered":"Zelt Aktive"},"content":{"rendered":"<p>Met deze suggesties voor jong en oud is zomerpret gegarandeerd! Koop <b>Zelt Aktive 150 x 190 x 150 cm (2 St\u00fcck)<\/b>] en geniet van je vrije tijd!<\/p>\n<ul>\n<li>Kleur: groen<\/li>\n<li>Kenmerken:\n<ul>\n<li>UV-best\u00e4ndig<\/li>\n<li>Einfach zu montieren<\/li>\n<\/ul>\n<\/li>\n<li>Inbegrepen: Transporttas<\/li>\n<li>Materiaal:\n<ul>\n<li>Polyester 170T<\/li>\n<li>Oxford Stoff 170T<\/li>\n<\/ul>\n<\/li>\n<li>Stuk: 2 stuks<\/li>\n<li>Ma\u00dfe ca.: 150 x 190 x 150 cm<\/li>\n<li>Art:\n<ul>\n<li>Windschutz<\/li>\n<li>Zelt<\/li>\n<li>Wickelkommode<\/li>\n<\/ul>\n<\/li>\n<\/ul>","protected":false},"excerpt":{"rendered":"<p>Mit diesen Vorschl\u00e4gen, die Jung und Alt begeistern werden, ist der Sommerspa\u00df garantiert! Kaufen Sie Zelt Aktive 150 x 190 x 150 cm (2 St\u00fcck)] und genie\u00dfen Sie Ihre Freizeit! Farbe: gr\u00fcn Merkmale: UV-best\u00e4ndig Einfach zu montieren Enthalten: Transportbeutel Material: Polyester 170T Oxford Stoff 170T St\u00fcck: 2 St\u00fcck Ma\u00dfe ca.: 150 x 190 x 150 &hellip; <\/p>\n<p class=\"more-link-wrap\"><a href=\"https:\/\/wildgear.itc-gmbh.shop\/nl\/product\/zelt-aktive-2\/\" class=\"more-link\"><span>Read More<span class=\"screen-reader-text\"> &#8220;Zelt Aktive&#8221;<\/span><\/span><\/a><\/p>","protected":false},"featured_media":7673,"comment_status":"open","ping_status":"closed","template":"","meta":{"inline_featured_image":false},"product_brand":[],"product_cat":[181,180,189],"product_tag":[177,187,178,472],"class_list":{"0":"post-7674","1":"product","2":"type-product","3":"status-publish","4":"has-post-thumbnail","6":"product_cat-camping-und-berge","7":"product_cat-sport-freizeit","8":"product_cat-zelte","9":"product_tag-tag_3","10":"product_tag-tag_124","11":"product_tag-tag_17","12":"product_tag-tag_1272","14":"first","15":"outofstock","16":"taxable","17":"shipping-taxable","18":"purchasable","19":"product-type-simple"},"aioseo_notices":[],"jetpack_sharing_enabled":true,"_links":{"self":[{"href":"https:\/\/wildgear.itc-gmbh.shop\/nl\/wp-json\/wp\/v2\/product\/7674","targetHints":{"allow":["GET"]}}],"collection":[{"href":"https:\/\/wildgear.itc-gmbh.shop\/nl\/wp-json\/wp\/v2\/product"}],"about":[{"href":"https:\/\/wildgear.itc-gmbh.shop\/nl\/wp-json\/wp\/v2\/types\/product"}],"replies":[{"embeddable":true,"href":"https:\/\/wildgear.itc-gmbh.shop\/nl\/wp-json\/wp\/v2\/comments?post=7674"}],"wp:featuredmedia":[{"embeddable":true,"href":"https:\/\/wildgear.itc-gmbh.shop\/nl\/wp-json\/wp\/v2\/media\/7673"}],"wp:attachment":[{"href":"https:\/\/wildgear.itc-gmbh.shop\/nl\/wp-json\/wp\/v2\/media?parent=7674"}],"wp:term":[{"taxonomy":"product_brand","embeddable":true,"href":"https:\/\/wildgear.itc-gmbh.shop\/nl\/wp-json\/wp\/v2\/product_brand?post=7674"},{"taxonomy":"product_cat","embeddable":true,"href":"https:\/\/wildgear.itc-gmbh.shop\/nl\/wp-json\/wp\/v2\/product_cat?post=7674"},{"taxonomy":"product_tag","embeddable":true,"href":"https:\/\/wildgear.itc-gmbh.shop\/nl\/wp-json\/wp\/v2\/product_tag?post=7674"}],"curies":[{"name":"wp","href":"https:\/\/api.w.org\/{rel}","templated":true}]}}