{"id":9367,"date":"2024-05-27T02:32:34","date_gmt":"2024-05-27T02:32:34","guid":{"rendered":"https:\/\/outdoor.itc-gmbh.shop\/product\/flasche-weinverschluss-polyaethylen-700-ml-7-x-255-x-7-cm-48-stueck\/"},"modified":"2024-05-27T02:32:35","modified_gmt":"2024-05-27T02:32:35","slug":"flasche-weinverschluss-polyaethylen-700-ml-7-x-255-x-7-cm-48-stueck","status":"publish","type":"product","link":"https:\/\/wildgear.itc-gmbh.shop\/nl\/product\/flasche-weinverschluss-polyaethylen-700-ml-7-x-255-x-7-cm-48-stueck\/","title":{"rendered":"Flasche Weinverschluss Poly\u00e4thylen 700 ml 7 x 25,5 x 7 cm (48 St\u00fcck)"},"content":{"rendered":"<p>Blijf in vorm en ontdek de nieuwste innovaties in de sector zodat je in de beste omstandigheden kunt sporten! Nu kopen <b>Flasche Weinverschluss Poly\u00e4thylen 700 ml 7 x 25,5 x 7 cm (48 St\u00fcck)<\/b> tegen de beste prijs en geniet van een gezond leven!<\/p>\n<ul>\n<li>Type: Keuken<\/li>\n<li>Merkmale: Weinverschluss<\/li>\n<li>Kleur:\n<ul>\n<li>Blauw<\/li>\n<li>Rood<\/li>\n<li>groen<\/li>\n<li>Lila<\/li>\n<\/ul>\n<\/li>\n<li>Material: Poly\u00e4thylen<\/li>\n<li>St\u00fcck:\n<ul>\n<li>1 St\u00fcck<\/li>\n<li>48 St\u00fcck<\/li>\n<\/ul>\n<\/li>\n<li>Belangrijke informatie: Diverse ontwerpen. Verzending willekeurig en afhankelijk van voorraad<\/li>\n<li>Inhoud: 700 ml<\/li>\n<li>Ma\u00dfe ca.: 7 x 25,5 x 7 cm<\/li>\n<\/ul>","protected":false},"excerpt":{"rendered":"<p>Bleiben Sie in Form und entdecken Sie die neuesten Innovationen der Branche, um mit den besten Voraussetzungen Sport zu betreiben! Kaufen Sie Flasche Weinverschluss Poly\u00e4thylen 700 ml 7 x 25,5 x 7 cm (48 St\u00fcck) zum besten Preis und genie\u00dfen Sie ein gesundes Leben! Art: K\u00fcche Merkmale: Weinverschluss Farbe: Blau Rot gr\u00fcn Lila Material: Poly\u00e4thylen &hellip; <\/p>\n<p class=\"more-link-wrap\"><a href=\"https:\/\/wildgear.itc-gmbh.shop\/nl\/product\/flasche-weinverschluss-polyaethylen-700-ml-7-x-255-x-7-cm-48-stueck\/\" class=\"more-link\"><span>Read More<span class=\"screen-reader-text\"> &#8220;Flasche Weinverschluss Poly\u00e4thylen 700 ml 7 x 25,5 x 7 cm (48 St\u00fcck)&#8221;<\/span><\/span><\/a><\/p>","protected":false},"featured_media":9366,"comment_status":"open","ping_status":"closed","template":"","meta":{"inline_featured_image":false},"product_brand":[],"product_cat":[181,185,180],"product_tag":[177,178],"class_list":{"0":"post-9367","1":"product","2":"type-product","3":"status-publish","4":"has-post-thumbnail","6":"product_cat-camping-und-berge","7":"product_cat-flaschen-und-feldflaschen","8":"product_cat-sport-freizeit","9":"product_tag-tag_3","10":"product_tag-tag_17","12":"first","13":"outofstock","14":"taxable","15":"shipping-taxable","16":"purchasable","17":"product-type-simple"},"aioseo_notices":[],"jetpack_sharing_enabled":true,"_links":{"self":[{"href":"https:\/\/wildgear.itc-gmbh.shop\/nl\/wp-json\/wp\/v2\/product\/9367","targetHints":{"allow":["GET"]}}],"collection":[{"href":"https:\/\/wildgear.itc-gmbh.shop\/nl\/wp-json\/wp\/v2\/product"}],"about":[{"href":"https:\/\/wildgear.itc-gmbh.shop\/nl\/wp-json\/wp\/v2\/types\/product"}],"replies":[{"embeddable":true,"href":"https:\/\/wildgear.itc-gmbh.shop\/nl\/wp-json\/wp\/v2\/comments?post=9367"}],"wp:featuredmedia":[{"embeddable":true,"href":"https:\/\/wildgear.itc-gmbh.shop\/nl\/wp-json\/wp\/v2\/media\/9366"}],"wp:attachment":[{"href":"https:\/\/wildgear.itc-gmbh.shop\/nl\/wp-json\/wp\/v2\/media?parent=9367"}],"wp:term":[{"taxonomy":"product_brand","embeddable":true,"href":"https:\/\/wildgear.itc-gmbh.shop\/nl\/wp-json\/wp\/v2\/product_brand?post=9367"},{"taxonomy":"product_cat","embeddable":true,"href":"https:\/\/wildgear.itc-gmbh.shop\/nl\/wp-json\/wp\/v2\/product_cat?post=9367"},{"taxonomy":"product_tag","embeddable":true,"href":"https:\/\/wildgear.itc-gmbh.shop\/nl\/wp-json\/wp\/v2\/product_tag?post=9367"}],"curies":[{"name":"wp","href":"https:\/\/api.w.org\/{rel}","templated":true}]}}